{"id":685,"date":"2024-09-13T19:23:20","date_gmt":"2024-09-13T17:23:20","guid":{"rendered":"https:\/\/csanamlux.be\/?page_id=685"},"modified":"2025-09-15T07:52:01","modified_gmt":"2025-09-15T05:52:01","slug":"collectif-leadership-a2-et-a3","status":"publish","type":"page","link":"https:\/\/csanamlux.be\/index.php\/collectif-leadership-a2-et-a3\/","title":{"rendered":"Collectif \u00ab\u202fleadership\u202f\u00bb Ann\u00e9es 2 et 3"},"content":{"rendered":"\t\t<div data-elementor-type=\"wp-page\" data-elementor-id=\"685\" class=\"elementor elementor-685\">\n\t\t\t\t<div class=\"elementor-element elementor-element-3e25bf4 e-flex e-con-boxed e-con e-parent\" data-id=\"3e25bf4\" data-element_type=\"container\">\n\t\t\t\t\t<div class=\"e-con-inner\">\n\t\t\t\t<div class=\"elementor-element elementor-element-03c89d2 elementor-align-center elementor-widget elementor-widget-button\" data-id=\"03c89d2\" data-element_type=\"widget\" data-widget_type=\"button.default\">\n\t\t\t\t<div class=\"elementor-widget-container\">\n\t\t\t\t\t\t\t\t\t<div class=\"elementor-button-wrapper\">\n\t\t\t\t\t<a class=\"elementor-button elementor-button-link elementor-size-sm\" href=\"mailto:nathalie.guillaume@segec.be\" target=\"_blank\" rel=\"nofollow\">\n\t\t\t\t\t\t<span class=\"elementor-button-content-wrapper\">\n\t\t\t\t\t\t\t\t\t<span class=\"elementor-button-text\">Lien d'inscription ICI<\/span>\n\t\t\t\t\t<\/span>\n\t\t\t\t\t<\/a>\n\t\t\t\t<\/div>\n\t\t\t\t\t\t\t\t<\/div>\n\t\t\t\t<\/div>\n\t\t\t\t<div class=\"elementor-element elementor-element-600c309 elementor-widget elementor-widget-text-editor\" data-id=\"600c309\" data-element_type=\"widget\" data-widget_type=\"text-editor.default\">\n\t\t\t\t<div class=\"elementor-widget-container\">\n\t\t\t\t\t\t\t\t\t<h1><span style=\"text-decoration: underline;\">Objectifs g\u00e9n\u00e9riques<\/span>\u202f\u202f:<\/h1><ul><li style=\"list-style-type: none;\"><ul><li><h3>Permettre aux directions d&rsquo;avoir un lieu o\u00f9 elles peuvent d\u00e9poser et r\u00e9fl\u00e9chir entre elles, en s\u00e9curit\u00e9, \u00e0 une difficult\u00e9 ou \u00e0 une th\u00e9matique professionnelle en vue d&rsquo;am\u00e9liorer le pilotage de leur \u00e9tablissement.\u00a0<\/h3><\/li><li><h3>Faire \u00e9merger le partage de bonnes pratiques notamment par le biais d&rsquo;outils de cod\u00e9veloppement professionnel (analyse de pratiques, intervisions&#8230;). En fonction des besoins des directions, outils sur des th\u00e9matiques sp\u00e9cifiques<\/h3><\/li><\/ul><\/li><\/ul><h1><span style=\"font-size: 20px; font-weight: bold; text-transform: inherit; text-decoration-line: underline;\">Public cible<\/span><span style=\"font-size: 20px; font-weight: bold; text-transform: inherit;\"> : nouvelles directions en ann\u00e9e 2 et ann\u00e9e 3<\/span><\/h1><h3 style=\"margin-top: 28px; margin-bottom: 28px; font-style: normal; font-variant-ligatures: none; font-variant-caps: normal; font-family: Arial, sans-serif; text-transform: none;\"><u>Lieu\u00a0<\/u>: \u00e0 d\u00e9terminer<\/h3><h3><span style=\"text-decoration: underline;\">Dates :<\/span><\/h3><ul><li><h3><!--StartFragment--><span data-olk-copy-source=\"MessageBody\">28 novembre 25<\/span><\/h3><\/li><li><h3><span data-olk-copy-source=\"MessageBody\">5 f\u00e9vrier 26<\/span><\/h3><\/li><li><h3><span data-olk-copy-source=\"MessageBody\">14 avril 26<\/span><\/h3><\/li><li><h3><span data-olk-copy-source=\"MessageBody\">29 mai 26<\/span><\/h3><\/li><\/ul>\t\t\t\t\t\t\t\t<\/div>\n\t\t\t\t<\/div>\n\t\t\t\t\t<\/div>\n\t\t\t\t<\/div>\n\t\t<div class=\"elementor-element elementor-element-3bb3c96 e-flex e-con-boxed e-con e-parent\" data-id=\"3bb3c96\" data-element_type=\"container\">\n\t\t\t\t\t<div class=\"e-con-inner\">\n\t\t\t\t\t<\/div>\n\t\t\t\t<\/div>\n\t\t<div class=\"elementor-element elementor-element-9da3f3f e-flex e-con-boxed e-con e-parent\" data-id=\"9da3f3f\" data-element_type=\"container\">\n\t\t\t\t\t<div class=\"e-con-inner\">\n\t\t\t\t\t<\/div>\n\t\t\t\t<\/div>\n\t\t\t\t<\/div>\n\t\t","protected":false},"excerpt":{"rendered":"<p>Lien d&rsquo;inscription ICI Objectifs g\u00e9n\u00e9riques\u202f\u202f: Permettre aux directions d&rsquo;avoir un lieu o\u00f9 elles peuvent d\u00e9poser et r\u00e9fl\u00e9chir entre elles, en s\u00e9curit\u00e9, \u00e0 une difficult\u00e9 ou \u00e0 une th\u00e9matique professionnelle en vue d&rsquo;am\u00e9liorer le pilotage de leur \u00e9tablissement.\u00a0 Faire \u00e9merger le &hellip;<\/p>\n<p class=\"read-more\"> <a class=\"more-link\" href=\"https:\/\/csanamlux.be\/index.php\/collectif-leadership-a2-et-a3\/\"> <span class=\"screen-reader-text\">Collectif \u00ab\u202fleadership\u202f\u00bb Ann\u00e9es 2 et 3<\/span> Read More &raquo;<\/a><\/p>\n","protected":false},"author":1,"featured_media":0,"parent":0,"menu_order":0,"comment_status":"closed","ping_status":"closed","template":"elementor_header_footer","meta":{"footnotes":""},"class_list":["post-685","page","type-page","status-publish","hentry"],"featured_image_src":"","featured_image_src_square":false,"rbea_author_info":{"display_name":"admin3534","author_link":"https:\/\/csanamlux.be\/index.php\/author\/admin3534\/"},"rbea_excerpt_info":"Lien d&rsquo;inscription ICI Objectifs g\u00e9n\u00e9riques\u202f\u202f: Permettre aux directions d&rsquo;avoir un lieu o\u00f9 elles peuvent d\u00e9poser et r\u00e9fl\u00e9chir entre elles, en s\u00e9curit\u00e9, \u00e0 une difficult\u00e9 ou \u00e0 une th\u00e9matique professionnelle en vue d&rsquo;am\u00e9liorer le pilotage de leur \u00e9tablissement.\u00a0 Faire \u00e9merger le &hellip;<p class=\"read-more\"> <a class=\"more-link\" href=\"https:\/\/csanamlux.be\/index.php\/collectif-leadership-a2-et-a3\/\"> <span class=\"screen-reader-text\">Collectif \u00ab\u202fleadership\u202f\u00bb Ann\u00e9es 2 et 3<\/span> Read More &raquo;<\/a><\/p>","_links":{"self":[{"href":"https:\/\/csanamlux.be\/index.php\/wp-json\/wp\/v2\/pages\/685","targetHints":{"allow":["GET"]}}],"collection":[{"href":"https:\/\/csanamlux.be\/index.php\/wp-json\/wp\/v2\/pages"}],"about":[{"href":"https:\/\/csanamlux.be\/index.php\/wp-json\/wp\/v2\/types\/page"}],"author":[{"embeddable":true,"href":"https:\/\/csanamlux.be\/index.php\/wp-json\/wp\/v2\/users\/1"}],"replies":[{"embeddable":true,"href":"https:\/\/csanamlux.be\/index.php\/wp-json\/wp\/v2\/comments?post=685"}],"version-history":[{"count":26,"href":"https:\/\/csanamlux.be\/index.php\/wp-json\/wp\/v2\/pages\/685\/revisions"}],"predecessor-version":[{"id":1804,"href":"https:\/\/csanamlux.be\/index.php\/wp-json\/wp\/v2\/pages\/685\/revisions\/1804"}],"wp:attachment":[{"href":"https:\/\/csanamlux.be\/index.php\/wp-json\/wp\/v2\/media?parent=685"}],"curies":[{"name":"wp","href":"https:\/\/api.w.org\/{rel}","templated":true}]}}