{"id":52,"date":"2024-09-01T16:29:31","date_gmt":"2024-09-01T14:29:31","guid":{"rendered":"https:\/\/csanamlux.be\/?page_id=52"},"modified":"2025-09-29T09:17:58","modified_gmt":"2025-09-29T07:17:58","slug":"contacts","status":"publish","type":"page","link":"https:\/\/csanamlux.be\/index.php\/contacts\/","title":{"rendered":"Contacts"},"content":{"rendered":"\t\t<div data-elementor-type=\"wp-page\" data-elementor-id=\"52\" class=\"elementor elementor-52\">\n\t\t\t\t<div class=\"elementor-element elementor-element-e294801 e-grid e-con-boxed e-con e-parent\" data-id=\"e294801\" data-element_type=\"container\">\n\t\t\t\t\t<div class=\"e-con-inner\">\n\t\t\t\t<div class=\"elementor-element elementor-element-b89d208 elementor-widget elementor-widget-image\" data-id=\"b89d208\" data-element_type=\"widget\" data-widget_type=\"image.default\">\n\t\t\t\t<div class=\"elementor-widget-container\">\n\t\t\t\t\t\t\t\t\t\t\t\t<figure class=\"wp-caption\">\n\t\t\t\t\t\t\t\t\t\t\t<a href=\"mailto:sebastien.vigneron@segec.be\">\n\t\t\t\t\t\t\t<img decoding=\"async\" width=\"148\" height=\"221\" src=\"https:\/\/csanamlux.be\/wp-content\/uploads\/2024\/09\/4.png\" class=\"attachment-responsive-150 size-responsive-150 wp-image-480\" alt=\"\" srcset=\"https:\/\/csanamlux.be\/wp-content\/uploads\/2024\/09\/4.png 148w, https:\/\/csanamlux.be\/wp-content\/uploads\/2024\/09\/4-100x149.png 100w\" sizes=\"(max-width: 148px) 100vw, 148px\" \/>\t\t\t\t\t\t\t\t<\/a>\n\t\t\t\t\t\t\t\t\t\t\t<figcaption class=\"widget-image-caption wp-caption-text\">S\u00e9bastien Vigneron CSAR sebastien.vigneron@segec.be<\/figcaption>\n\t\t\t\t\t\t\t\t\t\t<\/figure>\n\t\t\t\t\t\t\t\t\t<\/div>\n\t\t\t\t<\/div>\n\t\t\t\t<div class=\"elementor-element elementor-element-48ab56c elementor-widget elementor-widget-image\" data-id=\"48ab56c\" data-element_type=\"widget\" data-widget_type=\"image.default\">\n\t\t\t\t<div class=\"elementor-widget-container\">\n\t\t\t\t\t\t\t\t\t\t\t\t<figure class=\"wp-caption\">\n\t\t\t\t\t\t\t\t\t\t\t<a href=\"mailto:nathalie.guillaume@segec.be\" target=\"_blank\">\n\t\t\t\t\t\t\t<img decoding=\"async\" width=\"148\" height=\"221\" src=\"https:\/\/csanamlux.be\/wp-content\/uploads\/2024\/09\/5.png\" class=\"attachment-responsive-150 size-responsive-150 wp-image-481\" alt=\"\" srcset=\"https:\/\/csanamlux.be\/wp-content\/uploads\/2024\/09\/5.png 148w, https:\/\/csanamlux.be\/wp-content\/uploads\/2024\/09\/5-100x149.png 100w\" sizes=\"(max-width: 148px) 100vw, 148px\" \/>\t\t\t\t\t\t\t\t<\/a>\n\t\t\t\t\t\t\t\t\t\t\t<figcaption class=\"widget-image-caption wp-caption-text\">Nathalie Guillaume CSA nathalie.guillaume@segec.be<\/figcaption>\n\t\t\t\t\t\t\t\t\t\t<\/figure>\n\t\t\t\t\t\t\t\t\t<\/div>\n\t\t\t\t<\/div>\n\t\t\t\t<div class=\"elementor-element elementor-element-bbee12f elementor-widget elementor-widget-image\" data-id=\"bbee12f\" data-element_type=\"widget\" data-widget_type=\"image.default\">\n\t\t\t\t<div class=\"elementor-widget-container\">\n\t\t\t\t\t\t\t\t\t\t\t\t<figure class=\"wp-caption\">\n\t\t\t\t\t\t\t\t\t\t\t<a href=\"mailto:melanie.brasseur@segec.be\" target=\"_blank\">\n\t\t\t\t\t\t\t<img decoding=\"async\" width=\"200\" height=\"206\" src=\"https:\/\/csanamlux.be\/wp-content\/uploads\/2025\/09\/Capture-decran-2025-09-08-114654-200x206.png\" class=\"attachment-responsive-200 size-responsive-200 wp-image-1542\" alt=\"\" srcset=\"https:\/\/csanamlux.be\/wp-content\/uploads\/2025\/09\/Capture-decran-2025-09-08-114654-200x206.png 200w, https:\/\/csanamlux.be\/wp-content\/uploads\/2025\/09\/Capture-decran-2025-09-08-114654-292x300.png 292w, https:\/\/csanamlux.be\/wp-content\/uploads\/2025\/09\/Capture-decran-2025-09-08-114654-100x103.png 100w, https:\/\/csanamlux.be\/wp-content\/uploads\/2025\/09\/Capture-decran-2025-09-08-114654-150x154.png 150w, https:\/\/csanamlux.be\/wp-content\/uploads\/2025\/09\/Capture-decran-2025-09-08-114654-300x308.png 300w, https:\/\/csanamlux.be\/wp-content\/uploads\/2025\/09\/Capture-decran-2025-09-08-114654-450x463.png 450w, https:\/\/csanamlux.be\/wp-content\/uploads\/2025\/09\/Capture-decran-2025-09-08-114654.png 504w\" sizes=\"(max-width: 200px) 100vw, 200px\" \/>\t\t\t\t\t\t\t\t<\/a>\n\t\t\t\t\t\t\t\t\t\t\t<figcaption class=\"widget-image-caption wp-caption-text\">M\u00e9lanie Brasseur melanie.brasseur@segec.be<\/figcaption>\n\t\t\t\t\t\t\t\t\t\t<\/figure>\n\t\t\t\t\t\t\t\t\t<\/div>\n\t\t\t\t<\/div>\n\t\t\t\t<div class=\"elementor-element elementor-element-6a97b46 elementor-widget elementor-widget-image\" data-id=\"6a97b46\" data-element_type=\"widget\" data-widget_type=\"image.default\">\n\t\t\t\t<div class=\"elementor-widget-container\">\n\t\t\t\t\t\t\t\t\t\t\t\t<figure class=\"wp-caption\">\n\t\t\t\t\t\t\t\t\t\t\t<a href=\"mailto:valery.mathieu@segec.be\">\n\t\t\t\t\t\t\t<img loading=\"lazy\" decoding=\"async\" width=\"148\" height=\"221\" src=\"https:\/\/csanamlux.be\/wp-content\/uploads\/2024\/09\/1.png\" class=\"attachment-responsive-150 size-responsive-150 wp-image-477\" alt=\"\" srcset=\"https:\/\/csanamlux.be\/wp-content\/uploads\/2024\/09\/1.png 148w, https:\/\/csanamlux.be\/wp-content\/uploads\/2024\/09\/1-100x149.png 100w\" sizes=\"(max-width: 148px) 100vw, 148px\" \/>\t\t\t\t\t\t\t\t<\/a>\n\t\t\t\t\t\t\t\t\t\t\t<figcaption class=\"widget-image-caption wp-caption-text\">Val\u00e9ry Mathieu CSA  valery.mathieu@segec.be<\/figcaption>\n\t\t\t\t\t\t\t\t\t\t<\/figure>\n\t\t\t\t\t\t\t\t\t<\/div>\n\t\t\t\t<\/div>\n\t\t\t\t<div class=\"elementor-element elementor-element-7ba5253 elementor-widget elementor-widget-image\" data-id=\"7ba5253\" data-element_type=\"widget\" data-widget_type=\"image.default\">\n\t\t\t\t<div class=\"elementor-widget-container\">\n\t\t\t\t\t\t\t\t\t\t\t\t<figure class=\"wp-caption\">\n\t\t\t\t\t\t\t\t\t\t\t<a href=\"mailto:valerie.wilvers@segec.be\">\n\t\t\t\t\t\t\t<img loading=\"lazy\" decoding=\"async\" width=\"148\" height=\"221\" src=\"https:\/\/csanamlux.be\/wp-content\/uploads\/2024\/09\/2.png\" class=\"attachment-responsive-150 size-responsive-150 wp-image-478\" alt=\"\" srcset=\"https:\/\/csanamlux.be\/wp-content\/uploads\/2024\/09\/2.png 148w, https:\/\/csanamlux.be\/wp-content\/uploads\/2024\/09\/2-100x149.png 100w\" sizes=\"(max-width: 148px) 100vw, 148px\" \/>\t\t\t\t\t\t\t\t<\/a>\n\t\t\t\t\t\t\t\t\t\t\t<figcaption class=\"widget-image-caption wp-caption-text\">Val\u00e9rie Wilvers CSA valerie.wilvers@segec.be<\/figcaption>\n\t\t\t\t\t\t\t\t\t\t<\/figure>\n\t\t\t\t\t\t\t\t\t<\/div>\n\t\t\t\t<\/div>\n\t\t\t\t<div class=\"elementor-element elementor-element-b05494b elementor-widget elementor-widget-image\" data-id=\"b05494b\" data-element_type=\"widget\" data-widget_type=\"image.default\">\n\t\t\t\t<div class=\"elementor-widget-container\">\n\t\t\t\t\t\t\t\t\t\t\t\t<figure class=\"wp-caption\">\n\t\t\t\t\t\t\t\t\t\t\t<a href=\"mailto:claude.andre@segec.be\">\n\t\t\t\t\t\t\t<img loading=\"lazy\" decoding=\"async\" width=\"148\" height=\"221\" src=\"https:\/\/csanamlux.be\/wp-content\/uploads\/2024\/09\/8.png\" class=\"attachment-responsive-150 size-responsive-150 wp-image-484\" alt=\"\" srcset=\"https:\/\/csanamlux.be\/wp-content\/uploads\/2024\/09\/8.png 148w, https:\/\/csanamlux.be\/wp-content\/uploads\/2024\/09\/8-100x149.png 100w\" sizes=\"(max-width: 148px) 100vw, 148px\" \/>\t\t\t\t\t\t\t\t<\/a>\n\t\t\t\t\t\t\t\t\t\t\t<figcaption class=\"widget-image-caption wp-caption-text\">Claude Andr\u00e9 CSA claude.andre@segec.be<\/figcaption>\n\t\t\t\t\t\t\t\t\t\t<\/figure>\n\t\t\t\t\t\t\t\t\t<\/div>\n\t\t\t\t<\/div>\n\t\t\t\t<div class=\"elementor-element elementor-element-1bdfe44 elementor-widget elementor-widget-image\" data-id=\"1bdfe44\" data-element_type=\"widget\" data-widget_type=\"image.default\">\n\t\t\t\t<div class=\"elementor-widget-container\">\n\t\t\t\t\t\t\t\t\t\t\t\t<figure class=\"wp-caption\">\n\t\t\t\t\t\t\t\t\t\t\t<a href=\"mailto:elise.rouard@segec.be\">\n\t\t\t\t\t\t\t<img loading=\"lazy\" decoding=\"async\" width=\"148\" height=\"221\" src=\"https:\/\/csanamlux.be\/wp-content\/uploads\/2024\/09\/7.png\" class=\"attachment-responsive-150 size-responsive-150 wp-image-483\" alt=\"\" srcset=\"https:\/\/csanamlux.be\/wp-content\/uploads\/2024\/09\/7.png 148w, https:\/\/csanamlux.be\/wp-content\/uploads\/2024\/09\/7-100x149.png 100w\" sizes=\"(max-width: 148px) 100vw, 148px\" \/>\t\t\t\t\t\t\t\t<\/a>\n\t\t\t\t\t\t\t\t\t\t\t<figcaption class=\"widget-image-caption wp-caption-text\">Elise Rouard CSA elise.rouard@segec.be<\/figcaption>\n\t\t\t\t\t\t\t\t\t\t<\/figure>\n\t\t\t\t\t\t\t\t\t<\/div>\n\t\t\t\t<\/div>\n\t\t\t\t<div class=\"elementor-element elementor-element-a79b7f6 elementor-widget elementor-widget-image\" data-id=\"a79b7f6\" data-element_type=\"widget\" data-widget_type=\"image.default\">\n\t\t\t\t<div class=\"elementor-widget-container\">\n\t\t\t\t\t\t\t\t\t\t\t\t<figure class=\"wp-caption\">\n\t\t\t\t\t\t\t\t\t\t\t<a href=\"mailto:caroline.poncelet@segec.be\">\n\t\t\t\t\t\t\t<img loading=\"lazy\" decoding=\"async\" width=\"148\" height=\"221\" src=\"https:\/\/csanamlux.be\/wp-content\/uploads\/2024\/09\/9.png\" class=\"attachment-responsive-150 size-responsive-150 wp-image-485\" alt=\"\" srcset=\"https:\/\/csanamlux.be\/wp-content\/uploads\/2024\/09\/9.png 148w, https:\/\/csanamlux.be\/wp-content\/uploads\/2024\/09\/9-100x149.png 100w\" sizes=\"(max-width: 148px) 100vw, 148px\" \/>\t\t\t\t\t\t\t\t<\/a>\n\t\t\t\t\t\t\t\t\t\t\t<figcaption class=\"widget-image-caption wp-caption-text\">Caroline Poncelet CSA caroline.poncelet@segec.be<\/figcaption>\n\t\t\t\t\t\t\t\t\t\t<\/figure>\n\t\t\t\t\t\t\t\t\t<\/div>\n\t\t\t\t<\/div>\n\t\t\t\t<div class=\"elementor-element elementor-element-b318c89 elementor-widget elementor-widget-image\" data-id=\"b318c89\" data-element_type=\"widget\" data-widget_type=\"image.default\">\n\t\t\t\t<div class=\"elementor-widget-container\">\n\t\t\t\t\t\t\t\t\t\t\t\t<figure class=\"wp-caption\">\n\t\t\t\t\t\t\t\t\t\t\t<a href=\"mailto:francois.debehogne@segec.be\">\n\t\t\t\t\t\t\t<img loading=\"lazy\" decoding=\"async\" width=\"148\" height=\"221\" src=\"https:\/\/csanamlux.be\/wp-content\/uploads\/2024\/09\/6.png\" class=\"attachment-responsive-150 size-responsive-150 wp-image-482\" alt=\"\" srcset=\"https:\/\/csanamlux.be\/wp-content\/uploads\/2024\/09\/6.png 148w, https:\/\/csanamlux.be\/wp-content\/uploads\/2024\/09\/6-100x149.png 100w\" sizes=\"(max-width: 148px) 100vw, 148px\" \/>\t\t\t\t\t\t\t\t<\/a>\n\t\t\t\t\t\t\t\t\t\t\t<figcaption class=\"widget-image-caption wp-caption-text\">Fran\u00e7ois Debehogne CSA CTP  francois.debehogne@segec.be<\/figcaption>\n\t\t\t\t\t\t\t\t\t\t<\/figure>\n\t\t\t\t\t\t\t\t\t<\/div>\n\t\t\t\t<\/div>\n\t\t\t\t<div class=\"elementor-element elementor-element-bab39dc elementor-widget elementor-widget-image\" data-id=\"bab39dc\" data-element_type=\"widget\" data-widget_type=\"image.default\">\n\t\t\t\t<div class=\"elementor-widget-container\">\n\t\t\t\t\t\t\t\t\t\t\t\t<figure class=\"wp-caption\">\n\t\t\t\t\t\t\t\t\t\t\t<a href=\"mailto:thierry.gridlet@segec.be\">\n\t\t\t\t\t\t\t<img loading=\"lazy\" decoding=\"async\" width=\"148\" height=\"221\" src=\"https:\/\/csanamlux.be\/wp-content\/uploads\/2024\/09\/Thierry.png\" class=\"attachment-responsive-150 size-responsive-150 wp-image-487\" alt=\"\" srcset=\"https:\/\/csanamlux.be\/wp-content\/uploads\/2024\/09\/Thierry.png 148w, https:\/\/csanamlux.be\/wp-content\/uploads\/2024\/09\/Thierry-100x149.png 100w\" sizes=\"(max-width: 148px) 100vw, 148px\" \/>\t\t\t\t\t\t\t\t<\/a>\n\t\t\t\t\t\t\t\t\t\t\t<figcaption class=\"widget-image-caption wp-caption-text\">Thierry Gridlet CSA PECA thierry.gridlet@segec.be<\/figcaption>\n\t\t\t\t\t\t\t\t\t\t<\/figure>\n\t\t\t\t\t\t\t\t\t<\/div>\n\t\t\t\t<\/div>\n\t\t\t\t\t<\/div>\n\t\t\t\t<\/div>\n\t\t<div class=\"elementor-element elementor-element-9ec20b0 e-flex e-con-boxed e-con e-parent\" data-id=\"9ec20b0\" data-element_type=\"container\">\n\t\t\t\t\t<div class=\"e-con-inner\">\n\t\t\t\t\t<\/div>\n\t\t\t\t<\/div>\n\t\t\t\t<\/div>\n\t\t","protected":false},"excerpt":{"rendered":"<p>S\u00e9bastien Vigneron CSAR sebastien.vigneron@segec.be Nathalie Guillaume CSA nathalie.guillaume@segec.be M\u00e9lanie Brasseur melanie.brasseur@segec.be Val\u00e9ry Mathieu CSA valery.mathieu@segec.be Val\u00e9rie Wilvers CSA valerie.wilvers@segec.be Claude Andr\u00e9 CSA claude.andre@segec.be Elise Rouard CSA elise.rouard@segec.be Caroline Poncelet CSA caroline.poncelet@segec.be Fran\u00e7ois Debehogne CSA CTP francois.debehogne@segec.be Thierry Gridlet CSA PECA &hellip;<\/p>\n<p class=\"read-more\"> <a class=\"more-link\" href=\"https:\/\/csanamlux.be\/index.php\/contacts\/\"> <span class=\"screen-reader-text\">Contacts<\/span> Read More &raquo;<\/a><\/p>\n","protected":false},"author":1,"featured_media":0,"parent":0,"menu_order":0,"comment_status":"closed","ping_status":"closed","template":"elementor_header_footer","meta":{"footnotes":""},"class_list":["post-52","page","type-page","status-publish","hentry"],"featured_image_src":"","featured_image_src_square":false,"rbea_author_info":{"display_name":"admin3534","author_link":"https:\/\/csanamlux.be\/index.php\/author\/admin3534\/"},"rbea_excerpt_info":"S\u00e9bastien Vigneron CSAR sebastien.vigneron@segec.be Nathalie Guillaume CSA nathalie.guillaume@segec.be M\u00e9lanie Brasseur melanie.brasseur@segec.be Val\u00e9ry Mathieu CSA valery.mathieu@segec.be Val\u00e9rie Wilvers CSA valerie.wilvers@segec.be Claude Andr\u00e9 CSA claude.andre@segec.be Elise Rouard CSA elise.rouard@segec.be Caroline Poncelet CSA caroline.poncelet@segec.be Fran\u00e7ois Debehogne CSA CTP francois.debehogne@segec.be Thierry Gridlet CSA PECA &hellip;<p class=\"read-more\"> <a class=\"more-link\" href=\"https:\/\/csanamlux.be\/index.php\/contacts\/\"> <span class=\"screen-reader-text\">Contacts<\/span> Read More &raquo;<\/a><\/p>","_links":{"self":[{"href":"https:\/\/csanamlux.be\/index.php\/wp-json\/wp\/v2\/pages\/52","targetHints":{"allow":["GET"]}}],"collection":[{"href":"https:\/\/csanamlux.be\/index.php\/wp-json\/wp\/v2\/pages"}],"about":[{"href":"https:\/\/csanamlux.be\/index.php\/wp-json\/wp\/v2\/types\/page"}],"author":[{"embeddable":true,"href":"https:\/\/csanamlux.be\/index.php\/wp-json\/wp\/v2\/users\/1"}],"replies":[{"embeddable":true,"href":"https:\/\/csanamlux.be\/index.php\/wp-json\/wp\/v2\/comments?post=52"}],"version-history":[{"count":46,"href":"https:\/\/csanamlux.be\/index.php\/wp-json\/wp\/v2\/pages\/52\/revisions"}],"predecessor-version":[{"id":1988,"href":"https:\/\/csanamlux.be\/index.php\/wp-json\/wp\/v2\/pages\/52\/revisions\/1988"}],"wp:attachment":[{"href":"https:\/\/csanamlux.be\/index.php\/wp-json\/wp\/v2\/media?parent=52"}],"curies":[{"name":"wp","href":"https:\/\/api.w.org\/{rel}","templated":true}]}}