{"id":47,"date":"2024-09-01T16:29:31","date_gmt":"2024-09-01T14:29:31","guid":{"rendered":"https:\/\/csanamlux.be\/?page_id=47"},"modified":"2025-09-08T12:10:51","modified_gmt":"2025-09-08T10:10:51","slug":"missions","status":"publish","type":"page","link":"https:\/\/csanamlux.be\/index.php\/missions\/","title":{"rendered":"Missions"},"content":{"rendered":"\t\t<div data-elementor-type=\"wp-page\" data-elementor-id=\"47\" class=\"elementor elementor-47\">\n\t\t\t\t<div class=\"elementor-element elementor-element-b2583b8 e-flex e-con-boxed e-con e-parent\" data-id=\"b2583b8\" data-element_type=\"container\">\n\t\t\t\t\t<div class=\"e-con-inner\">\n\t\t\t\t<div class=\"elementor-element elementor-element-3d7919a elementor-widget elementor-widget-text-editor\" data-id=\"3d7919a\" data-element_type=\"widget\" data-widget_type=\"text-editor.default\">\n\t\t\t\t<div class=\"elementor-widget-container\">\n\t\t\t\t\t\t\t\t\t<h2 style=\"text-align: center;\">Notre accompagnement p\u00e9dagogique a pour vocation<\/h2><h2 style=\"text-align: center;\">d\u2019am\u00e9liorer\u00a0<span style=\"font-size: 26px; font-weight: bold; text-transform: inherit;\">l\u2019\u00e9quit\u00e9 et l\u2019efficacit\u00e9 des \u00e9coles<\/span><\/h2>\t\t\t\t\t\t\t\t<\/div>\n\t\t\t\t<\/div>\n\t\t\t\t<div class=\"elementor-element elementor-element-c541d8c elementor-widget elementor-widget-text-editor\" data-id=\"c541d8c\" data-element_type=\"widget\" data-widget_type=\"text-editor.default\">\n\t\t\t\t<div class=\"elementor-widget-container\">\n\t\t\t\t\t\t\t\t\t<h4 class=\"font_8 wixui-rich-text__text\"><span style=\"text-decoration: underline;\"><strong><span class=\"wixui-rich-text__text\"><span class=\"color_36 wixui-rich-text__text\">MISSIONS :<\/span><\/span><\/strong><\/span><\/h4><ul class=\"font_8 color_36 wixui-rich-text__text\"><li class=\"wixui-rich-text__text\"><h4 class=\"font_8 wixui-rich-text__text\"><span class=\"wixui-rich-text__text\"><span class=\"color_36 wixui-rich-text__text\">D\u00e9velopper le leadership des directions<\/span><\/span><\/h4><\/li><li class=\"wixui-rich-text__text\"><h4 class=\"font_8 wixui-rich-text__text\"><span class=\"wixui-rich-text__text\"><span class=\"color_36 wixui-rich-text__text\">Accompagner l\u2019\u00e9laboration, la mise en \u0153uvre et l\u2019\u00e9valuation du contrat d\u2019objectifs<\/span><\/span><\/h4><\/li><li class=\"wixui-rich-text__text\"><h4 class=\"font_8 wixui-rich-text__text\"><span class=\"wixui-rich-text__text\"><span class=\"color_36 wixui-rich-text__text\">Accompagner les \u00e9coles en dispositif d\u2019ajustement<\/span><\/span><\/h4><\/li><li class=\"wixui-rich-text__text\"><h4 class=\"font_8 wixui-rich-text__text\"><span class=\"wixui-rich-text__text\"><span class=\"color_36 wixui-rich-text__text\">Soutenir le d\u00e9veloppement num\u00e9rique<\/span><\/span><\/h4><\/li><li class=\"wixui-rich-text__text\"><h4 class=\"font_8 wixui-rich-text__text\"><span class=\"wixui-rich-text__text\"><span class=\"color_36 wixui-rich-text__text\">Accompagner la mise en \u0153uvre et le suivi du travail collaboratif<\/span><\/span><\/h4><\/li><li class=\"wixui-rich-text__text\"><h4 class=\"font_8 wixui-rich-text__text\"><span class=\"wixui-rich-text__text\"><span class=\"color_36 wixui-rich-text__text\">Accompagner la mise en \u0153uvre des pratiques p\u00e9dagogiques efficaces et efficientes<\/span><\/span><\/h4><\/li><li class=\"wixui-rich-text__text\"><h4 class=\"font_8 wixui-rich-text__text\"><span class=\"wixui-rich-text__text\"><span class=\"color_36 wixui-rich-text__text\">Accompagner la mise en \u0153uvre du Tronc Commun<\/span><\/span><\/h4><\/li><li class=\"wixui-rich-text__text\"><h4 class=\"font_8 wixui-rich-text__text\"><span class=\"wixui-rich-text__text\"><span class=\"color_36 wixui-rich-text__text\">Faire alliance avec le terrain<\/span><\/span><\/h4><\/li><li class=\"wixui-rich-text__text\"><h4 class=\"font_8 wixui-rich-text__text\"><span class=\"wixui-rich-text__text\"><span class=\"color_36 wixui-rich-text__text\">Soutenir le leadership des directions<\/span><\/span><\/h4><\/li><\/ul><h4 style=\"text-align: center;\"><span style=\"color: #333333;\">Nous pouvons donc accompagner les \u00e9quipes \u00e9ducatives, les directions ainsi que les enseignants novices<\/span><\/h4><h4 class=\"font_8 wixui-rich-text__text\"><span class=\"wixui-rich-text__text\"><span class=\"color_36 wixui-rich-text__text\">REFERENT DU SERVICE &#8211; CONTACT :\u00a0 S\u00e9bastien VIGNERON<\/span><\/span><\/h4>\t\t\t\t\t\t\t\t<\/div>\n\t\t\t\t<\/div>\n\t\t\t\t\t<\/div>\n\t\t\t\t<\/div>\n\t\t\t\t<\/div>\n\t\t","protected":false},"excerpt":{"rendered":"<p>Notre accompagnement p\u00e9dagogique a pour vocation d\u2019am\u00e9liorer\u00a0l\u2019\u00e9quit\u00e9 et l\u2019efficacit\u00e9 des \u00e9coles MISSIONS : D\u00e9velopper le leadership des directions Accompagner l\u2019\u00e9laboration, la mise en \u0153uvre et l\u2019\u00e9valuation du contrat d\u2019objectifs Accompagner les \u00e9coles en dispositif d\u2019ajustement Soutenir le d\u00e9veloppement num\u00e9rique Accompagner &hellip;<\/p>\n<p class=\"read-more\"> <a class=\"more-link\" href=\"https:\/\/csanamlux.be\/index.php\/missions\/\"> <span class=\"screen-reader-text\">Missions<\/span> Read More &raquo;<\/a><\/p>\n","protected":false},"author":1,"featured_media":0,"parent":0,"menu_order":0,"comment_status":"closed","ping_status":"closed","template":"elementor_header_footer","meta":{"footnotes":""},"class_list":["post-47","page","type-page","status-publish","hentry"],"featured_image_src":"","featured_image_src_square":false,"rbea_author_info":{"display_name":"admin3534","author_link":"https:\/\/csanamlux.be\/index.php\/author\/admin3534\/"},"rbea_excerpt_info":"Notre accompagnement p\u00e9dagogique a pour vocation d\u2019am\u00e9liorer\u00a0l\u2019\u00e9quit\u00e9 et l\u2019efficacit\u00e9 des \u00e9coles MISSIONS : D\u00e9velopper le leadership des directions Accompagner l\u2019\u00e9laboration, la mise en \u0153uvre et l\u2019\u00e9valuation du contrat d\u2019objectifs Accompagner les \u00e9coles en dispositif d\u2019ajustement Soutenir le d\u00e9veloppement num\u00e9rique Accompagner &hellip;<p class=\"read-more\"> <a class=\"more-link\" href=\"https:\/\/csanamlux.be\/index.php\/missions\/\"> <span class=\"screen-reader-text\">Missions<\/span> Read More &raquo;<\/a><\/p>","_links":{"self":[{"href":"https:\/\/csanamlux.be\/index.php\/wp-json\/wp\/v2\/pages\/47","targetHints":{"allow":["GET"]}}],"collection":[{"href":"https:\/\/csanamlux.be\/index.php\/wp-json\/wp\/v2\/pages"}],"about":[{"href":"https:\/\/csanamlux.be\/index.php\/wp-json\/wp\/v2\/types\/page"}],"author":[{"embeddable":true,"href":"https:\/\/csanamlux.be\/index.php\/wp-json\/wp\/v2\/users\/1"}],"replies":[{"embeddable":true,"href":"https:\/\/csanamlux.be\/index.php\/wp-json\/wp\/v2\/comments?post=47"}],"version-history":[{"count":61,"href":"https:\/\/csanamlux.be\/index.php\/wp-json\/wp\/v2\/pages\/47\/revisions"}],"predecessor-version":[{"id":1558,"href":"https:\/\/csanamlux.be\/index.php\/wp-json\/wp\/v2\/pages\/47\/revisions\/1558"}],"wp:attachment":[{"href":"https:\/\/csanamlux.be\/index.php\/wp-json\/wp\/v2\/media?parent=47"}],"curies":[{"name":"wp","href":"https:\/\/api.w.org\/{rel}","templated":true}]}}