{"id":155,"date":"2024-09-05T22:43:50","date_gmt":"2024-09-05T20:43:50","guid":{"rendered":"https:\/\/csanamlux.be\/?page_id=155"},"modified":"2025-09-20T19:23:03","modified_gmt":"2025-09-20T17:23:03","slug":"collectif-des-directions","status":"publish","type":"page","link":"https:\/\/csanamlux.be\/index.php\/collectif-des-directions\/","title":{"rendered":"Intelligences artificielles"},"content":{"rendered":"\t\t<div data-elementor-type=\"wp-page\" data-elementor-id=\"155\" class=\"elementor elementor-155\">\n\t\t\t\t<div class=\"elementor-element elementor-element-d60c738 e-flex e-con-boxed e-con e-parent\" data-id=\"d60c738\" data-element_type=\"container\">\n\t\t\t\t\t<div class=\"e-con-inner\">\n\t\t\t\t<div class=\"elementor-element elementor-element-bccbceb elementor-widget elementor-widget-heading\" data-id=\"bccbceb\" data-element_type=\"widget\" data-widget_type=\"heading.default\">\n\t\t\t\t<div class=\"elementor-widget-container\">\n\t\t\t\t\t<h2 class=\"elementor-heading-title elementor-size-default\"><br>Les intelligences artificielles (IA) <br>au c\u0153ur de mon m\u00e9tier de direction et de mon management<br><\/h2>\t\t\t\t<\/div>\n\t\t\t\t<\/div>\n\t\t\t\t<div class=\"elementor-element elementor-element-b3f971b elementor-widget elementor-widget-image\" data-id=\"b3f971b\" data-element_type=\"widget\" data-widget_type=\"image.default\">\n\t\t\t\t<div class=\"elementor-widget-container\">\n\t\t\t\t\t\t\t\t\t\t\t\t\t\t\t\t<a href=\"https:\/\/view.genially.com\/650179b6e01bcf0011dfaa68\" target=\"_blank\" rel=\"nofollow\">\n\t\t\t\t\t\t\t<img fetchpriority=\"high\" decoding=\"async\" width=\"768\" height=\"432\" src=\"https:\/\/csanamlux.be\/wp-content\/uploads\/2025\/09\/Offres-Numeriques-23-24-20-768x432.png\" class=\"attachment-medium_large size-medium_large wp-image-1937\" alt=\"\" srcset=\"https:\/\/csanamlux.be\/wp-content\/uploads\/2025\/09\/Offres-Numeriques-23-24-20-768x432.png 768w, https:\/\/csanamlux.be\/wp-content\/uploads\/2025\/09\/Offres-Numeriques-23-24-20-300x169.png 300w, https:\/\/csanamlux.be\/wp-content\/uploads\/2025\/09\/Offres-Numeriques-23-24-20-1024x576.png 1024w, https:\/\/csanamlux.be\/wp-content\/uploads\/2025\/09\/Offres-Numeriques-23-24-20-1536x864.png 1536w, https:\/\/csanamlux.be\/wp-content\/uploads\/2025\/09\/Offres-Numeriques-23-24-20-100x56.png 100w, https:\/\/csanamlux.be\/wp-content\/uploads\/2025\/09\/Offres-Numeriques-23-24-20-150x84.png 150w, https:\/\/csanamlux.be\/wp-content\/uploads\/2025\/09\/Offres-Numeriques-23-24-20-200x113.png 200w, https:\/\/csanamlux.be\/wp-content\/uploads\/2025\/09\/Offres-Numeriques-23-24-20-450x253.png 450w, https:\/\/csanamlux.be\/wp-content\/uploads\/2025\/09\/Offres-Numeriques-23-24-20-600x338.png 600w, https:\/\/csanamlux.be\/wp-content\/uploads\/2025\/09\/Offres-Numeriques-23-24-20-900x506.png 900w, https:\/\/csanamlux.be\/wp-content\/uploads\/2025\/09\/Offres-Numeriques-23-24-20.png 1920w\" sizes=\"(max-width: 768px) 100vw, 768px\" \/>\t\t\t\t\t\t\t\t<\/a>\n\t\t\t\t\t\t\t\t\t\t\t\t\t\t\t<\/div>\n\t\t\t\t<\/div>\n\t\t\t\t\t<\/div>\n\t\t\t\t<\/div>\n\t\t<div class=\"elementor-element elementor-element-7cd8aa3 e-flex e-con-boxed e-con e-parent\" data-id=\"7cd8aa3\" data-element_type=\"container\">\n\t\t\t\t\t<div class=\"e-con-inner\">\n\t\t\t\t<div class=\"elementor-element elementor-element-acd10a9 elementor-align-center elementor-widget elementor-widget-button\" data-id=\"acd10a9\" data-element_type=\"widget\" data-widget_type=\"button.default\">\n\t\t\t\t<div class=\"elementor-widget-container\">\n\t\t\t\t\t\t\t\t\t<div class=\"elementor-button-wrapper\">\n\t\t\t\t\t<a class=\"elementor-button elementor-button-link elementor-size-sm\" href=\"https:\/\/forms.office.com\/pages\/responsepage.aspx?id=aKMx8CQ0iUWkqbSyzIWbv2nBREchmvhPlayzoo_RKaRUQldSWU8xM0dESlQwTkZBMUo2M1NJSUNDOC4u&#038;route=shorturl\" target=\"_blank\" rel=\"nofollow\">\n\t\t\t\t\t\t<span class=\"elementor-button-content-wrapper\">\n\t\t\t\t\t\t\t\t\t<span class=\"elementor-button-text\">Inscription \u00e0 la matin\u00e9e sur l'intelligence artificielle \u00e0 Courri\u00e8re le lundi 19 janvier<\/span>\n\t\t\t\t\t<\/span>\n\t\t\t\t\t<\/a>\n\t\t\t\t<\/div>\n\t\t\t\t\t\t\t\t<\/div>\n\t\t\t\t<\/div>\n\t\t\t\t\t<\/div>\n\t\t\t\t<\/div>\n\t\t<div class=\"elementor-element elementor-element-0e1555b e-flex e-con-boxed e-con e-parent\" data-id=\"0e1555b\" data-element_type=\"container\">\n\t\t\t\t\t<div class=\"e-con-inner\">\n\t\t\t\t<div class=\"elementor-element elementor-element-935376f elementor-widget elementor-widget-image\" data-id=\"935376f\" data-element_type=\"widget\" data-widget_type=\"image.default\">\n\t\t\t\t<div class=\"elementor-widget-container\">\n\t\t\t\t\t\t\t\t\t\t\t\t\t\t\t\t<a href=\"https:\/\/view.genially.com\/650179b6e01bcf0011dfaa68\" target=\"_blank\" rel=\"nofollow\">\n\t\t\t\t\t\t\t<img decoding=\"async\" width=\"768\" height=\"432\" src=\"https:\/\/csanamlux.be\/wp-content\/uploads\/2025\/09\/Offres-Numeriques-23-24-21-768x432.png\" class=\"attachment-medium_large size-medium_large wp-image-1943\" alt=\"\" srcset=\"https:\/\/csanamlux.be\/wp-content\/uploads\/2025\/09\/Offres-Numeriques-23-24-21-768x432.png 768w, https:\/\/csanamlux.be\/wp-content\/uploads\/2025\/09\/Offres-Numeriques-23-24-21-300x169.png 300w, https:\/\/csanamlux.be\/wp-content\/uploads\/2025\/09\/Offres-Numeriques-23-24-21-1024x576.png 1024w, https:\/\/csanamlux.be\/wp-content\/uploads\/2025\/09\/Offres-Numeriques-23-24-21-1536x864.png 1536w, https:\/\/csanamlux.be\/wp-content\/uploads\/2025\/09\/Offres-Numeriques-23-24-21-100x56.png 100w, https:\/\/csanamlux.be\/wp-content\/uploads\/2025\/09\/Offres-Numeriques-23-24-21-150x84.png 150w, https:\/\/csanamlux.be\/wp-content\/uploads\/2025\/09\/Offres-Numeriques-23-24-21-200x113.png 200w, https:\/\/csanamlux.be\/wp-content\/uploads\/2025\/09\/Offres-Numeriques-23-24-21-450x253.png 450w, https:\/\/csanamlux.be\/wp-content\/uploads\/2025\/09\/Offres-Numeriques-23-24-21-600x338.png 600w, https:\/\/csanamlux.be\/wp-content\/uploads\/2025\/09\/Offres-Numeriques-23-24-21-900x506.png 900w, https:\/\/csanamlux.be\/wp-content\/uploads\/2025\/09\/Offres-Numeriques-23-24-21.png 1920w\" sizes=\"(max-width: 768px) 100vw, 768px\" \/>\t\t\t\t\t\t\t\t<\/a>\n\t\t\t\t\t\t\t\t\t\t\t\t\t\t\t<\/div>\n\t\t\t\t<\/div>\n\t\t\t\t\t<\/div>\n\t\t\t\t<\/div>\n\t\t\t\t<\/div>\n\t\t","protected":false},"excerpt":{"rendered":"<p>Les intelligences artificielles (IA) au c\u0153ur de mon m\u00e9tier de direction et de mon management Inscription \u00e0 la matin\u00e9e sur l&rsquo;intelligence artificielle \u00e0 Courri\u00e8re le lundi 19 janvier<\/p>\n","protected":false},"author":1,"featured_media":0,"parent":0,"menu_order":0,"comment_status":"closed","ping_status":"closed","template":"elementor_header_footer","meta":{"footnotes":""},"class_list":["post-155","page","type-page","status-publish","hentry"],"featured_image_src":"","featured_image_src_square":false,"rbea_author_info":{"display_name":"admin3534","author_link":"https:\/\/csanamlux.be\/index.php\/author\/admin3534\/"},"rbea_excerpt_info":"Les intelligences artificielles (IA) au c\u0153ur de mon m\u00e9tier de direction et de mon management Inscription \u00e0 la matin\u00e9e sur l&rsquo;intelligence artificielle \u00e0 Courri\u00e8re le lundi 19 janvier","_links":{"self":[{"href":"https:\/\/csanamlux.be\/index.php\/wp-json\/wp\/v2\/pages\/155","targetHints":{"allow":["GET"]}}],"collection":[{"href":"https:\/\/csanamlux.be\/index.php\/wp-json\/wp\/v2\/pages"}],"about":[{"href":"https:\/\/csanamlux.be\/index.php\/wp-json\/wp\/v2\/types\/page"}],"author":[{"embeddable":true,"href":"https:\/\/csanamlux.be\/index.php\/wp-json\/wp\/v2\/users\/1"}],"replies":[{"embeddable":true,"href":"https:\/\/csanamlux.be\/index.php\/wp-json\/wp\/v2\/comments?post=155"}],"version-history":[{"count":38,"href":"https:\/\/csanamlux.be\/index.php\/wp-json\/wp\/v2\/pages\/155\/revisions"}],"predecessor-version":[{"id":1956,"href":"https:\/\/csanamlux.be\/index.php\/wp-json\/wp\/v2\/pages\/155\/revisions\/1956"}],"wp:attachment":[{"href":"https:\/\/csanamlux.be\/index.php\/wp-json\/wp\/v2\/media?parent=155"}],"curies":[{"name":"wp","href":"https:\/\/api.w.org\/{rel}","templated":true}]}}