{"id":153,"date":"2024-09-05T22:43:12","date_gmt":"2024-09-05T20:43:12","guid":{"rendered":"https:\/\/csanamlux.be\/?page_id=153"},"modified":"2024-09-23T11:39:47","modified_gmt":"2024-09-23T09:39:47","slug":"dossier-pedagogique-des-eleves","status":"publish","type":"page","link":"https:\/\/csanamlux.be\/index.php\/dossier-pedagogique-des-eleves\/","title":{"rendered":"Dossier p\u00e9dagogique des \u00e9l\u00e8ves"},"content":{"rendered":"\t\t<div data-elementor-type=\"wp-page\" data-elementor-id=\"153\" class=\"elementor elementor-153\">\n\t\t\t\t<div class=\"elementor-element elementor-element-3762b48 e-flex e-con-boxed e-con e-parent\" data-id=\"3762b48\" data-element_type=\"container\">\n\t\t\t\t\t<div class=\"e-con-inner\">\n\t\t\t\t<div class=\"elementor-element elementor-element-4624518 elementor-widget elementor-widget-text-editor\" data-id=\"4624518\" data-element_type=\"widget\" data-widget_type=\"text-editor.default\">\n\t\t\t\t<div class=\"elementor-widget-container\">\n\t\t\t\t\t\t\t\t\t<h4>Comment centraliser les donn\u00e9es sensibles ?<br \/>Vous souhaitez mener une r\u00e9flexion sur le dossier de l\u2019\u00e9l\u00e8ve ou vous d\u00e9sirez centraliser ces donn\u00e9es dans un espace num\u00e9rique ? Alors cette offre est pour vous !<br \/>Cliquez sur l\u2019image pour lire les d\u00e9tails de l\u2019offre.<\/h4>\t\t\t\t\t\t\t\t<\/div>\n\t\t\t\t<\/div>\n\t\t\t\t<div class=\"elementor-element elementor-element-9673c1c elementor-widget elementor-widget-image\" data-id=\"9673c1c\" data-element_type=\"widget\" data-widget_type=\"image.default\">\n\t\t\t\t<div class=\"elementor-widget-container\">\n\t\t\t\t\t\t\t\t\t\t\t\t\t\t\t\t<a href=\"https:\/\/view.genially.com\/650179b6e01bcf0011dfaa68\">\n\t\t\t\t\t\t\t<img fetchpriority=\"high\" decoding=\"async\" width=\"941\" height=\"477\" src=\"https:\/\/csanamlux.be\/wp-content\/uploads\/2024\/09\/Capture-decran-2024-09-16-101716-1024x519.png\" class=\"attachment-large size-large wp-image-830\" alt=\"\" srcset=\"https:\/\/csanamlux.be\/wp-content\/uploads\/2024\/09\/Capture-decran-2024-09-16-101716-1024x519.png 1024w, https:\/\/csanamlux.be\/wp-content\/uploads\/2024\/09\/Capture-decran-2024-09-16-101716-300x152.png 300w, https:\/\/csanamlux.be\/wp-content\/uploads\/2024\/09\/Capture-decran-2024-09-16-101716-768x389.png 768w, https:\/\/csanamlux.be\/wp-content\/uploads\/2024\/09\/Capture-decran-2024-09-16-101716-100x51.png 100w, https:\/\/csanamlux.be\/wp-content\/uploads\/2024\/09\/Capture-decran-2024-09-16-101716-150x76.png 150w, https:\/\/csanamlux.be\/wp-content\/uploads\/2024\/09\/Capture-decran-2024-09-16-101716-200x101.png 200w, https:\/\/csanamlux.be\/wp-content\/uploads\/2024\/09\/Capture-decran-2024-09-16-101716-450x228.png 450w, https:\/\/csanamlux.be\/wp-content\/uploads\/2024\/09\/Capture-decran-2024-09-16-101716-600x304.png 600w, https:\/\/csanamlux.be\/wp-content\/uploads\/2024\/09\/Capture-decran-2024-09-16-101716-900x456.png 900w, https:\/\/csanamlux.be\/wp-content\/uploads\/2024\/09\/Capture-decran-2024-09-16-101716.png 1270w\" sizes=\"(max-width: 941px) 100vw, 941px\" \/>\t\t\t\t\t\t\t\t<\/a>\n\t\t\t\t\t\t\t\t\t\t\t\t\t\t\t<\/div>\n\t\t\t\t<\/div>\n\t\t\t\t\t<\/div>\n\t\t\t\t<\/div>\n\t\t\t\t<\/div>\n\t\t","protected":false},"excerpt":{"rendered":"<p>Comment centraliser les donn\u00e9es sensibles ?Vous souhaitez mener une r\u00e9flexion sur le dossier de l\u2019\u00e9l\u00e8ve ou vous d\u00e9sirez centraliser ces donn\u00e9es dans un espace num\u00e9rique ? Alors cette offre est pour vous !Cliquez sur l\u2019image pour lire les d\u00e9tails de &hellip;<\/p>\n<p class=\"read-more\"> <a class=\"more-link\" href=\"https:\/\/csanamlux.be\/index.php\/dossier-pedagogique-des-eleves\/\"> <span class=\"screen-reader-text\">Dossier p\u00e9dagogique des \u00e9l\u00e8ves<\/span> Read More &raquo;<\/a><\/p>\n","protected":false},"author":1,"featured_media":0,"parent":0,"menu_order":0,"comment_status":"closed","ping_status":"closed","template":"elementor_header_footer","meta":{"footnotes":""},"class_list":["post-153","page","type-page","status-publish","hentry"],"featured_image_src":"","featured_image_src_square":false,"rbea_author_info":{"display_name":"admin3534","author_link":"https:\/\/csanamlux.be\/index.php\/author\/admin3534\/"},"rbea_excerpt_info":"Comment centraliser les donn\u00e9es sensibles ?Vous souhaitez mener une r\u00e9flexion sur le dossier de l\u2019\u00e9l\u00e8ve ou vous d\u00e9sirez centraliser ces donn\u00e9es dans un espace num\u00e9rique ? Alors cette offre est pour vous !Cliquez sur l\u2019image pour lire les d\u00e9tails de &hellip;<p class=\"read-more\"> <a class=\"more-link\" href=\"https:\/\/csanamlux.be\/index.php\/dossier-pedagogique-des-eleves\/\"> <span class=\"screen-reader-text\">Dossier p\u00e9dagogique des \u00e9l\u00e8ves<\/span> Read More &raquo;<\/a><\/p>","_links":{"self":[{"href":"https:\/\/csanamlux.be\/index.php\/wp-json\/wp\/v2\/pages\/153","targetHints":{"allow":["GET"]}}],"collection":[{"href":"https:\/\/csanamlux.be\/index.php\/wp-json\/wp\/v2\/pages"}],"about":[{"href":"https:\/\/csanamlux.be\/index.php\/wp-json\/wp\/v2\/types\/page"}],"author":[{"embeddable":true,"href":"https:\/\/csanamlux.be\/index.php\/wp-json\/wp\/v2\/users\/1"}],"replies":[{"embeddable":true,"href":"https:\/\/csanamlux.be\/index.php\/wp-json\/wp\/v2\/comments?post=153"}],"version-history":[{"count":7,"href":"https:\/\/csanamlux.be\/index.php\/wp-json\/wp\/v2\/pages\/153\/revisions"}],"predecessor-version":[{"id":836,"href":"https:\/\/csanamlux.be\/index.php\/wp-json\/wp\/v2\/pages\/153\/revisions\/836"}],"wp:attachment":[{"href":"https:\/\/csanamlux.be\/index.php\/wp-json\/wp\/v2\/media?parent=153"}],"curies":[{"name":"wp","href":"https:\/\/api.w.org\/{rel}","templated":true}]}}