{"id":151,"date":"2024-09-05T22:42:35","date_gmt":"2024-09-05T20:42:35","guid":{"rendered":"https:\/\/csanamlux.be\/?page_id=151"},"modified":"2024-09-16T10:37:13","modified_gmt":"2024-09-16T08:37:13","slug":"planification-et-monitotage-du-co","status":"publish","type":"page","link":"https:\/\/csanamlux.be\/index.php\/planification-et-monitotage-du-co\/","title":{"rendered":"Planification et monitorage du CO"},"content":{"rendered":"\t\t<div data-elementor-type=\"wp-page\" data-elementor-id=\"151\" class=\"elementor elementor-151\">\n\t\t\t\t<div class=\"elementor-element elementor-element-8db0038 e-flex e-con-boxed e-con e-parent\" data-id=\"8db0038\" data-element_type=\"container\">\n\t\t\t\t\t<div class=\"e-con-inner\">\n\t\t\t\t<div class=\"elementor-element elementor-element-ba4a3aa elementor-widget elementor-widget-text-editor\" data-id=\"ba4a3aa\" data-element_type=\"widget\" data-widget_type=\"text-editor.default\">\n\t\t\t\t<div class=\"elementor-widget-container\">\n\t\t\t\t\t\t\t\t\t<h4 style=\"text-align: center;\">Planification et monitorage du C.O.<br \/>Ou comment utiliser le num\u00e9rique au service de mon C.O. ?<br \/>D\u00e9couvrez comment optimiser les ressources et traces de votre C.O. gr\u00e2ce \u00e0 l\u2019outil num\u00e9rique.<\/h4><h4 class=\"elementor-heading-title elementor-size-default elementor-inline-editing pen\" style=\"text-align: center;\" data-elementor-setting-key=\"title\" data-pen-placeholder=\"\u00c9crivez ici...\">Int\u00e9ress\u00e9 ? Alors cliquez sur l\u2019image pour d\u00e9couvrir le contenu de l\u2019offre.<\/h4>\t\t\t\t\t\t\t\t<\/div>\n\t\t\t\t<\/div>\n\t\t\t\t<div class=\"elementor-element elementor-element-59afaab elementor-widget elementor-widget-image\" data-id=\"59afaab\" data-element_type=\"widget\" data-widget_type=\"image.default\">\n\t\t\t\t<div class=\"elementor-widget-container\">\n\t\t\t\t\t\t\t\t\t\t\t\t\t\t\t\t<a href=\"https:\/\/view.genially.com\/650179b6e01bcf0011dfaa68\" target=\"_blank\" rel=\"nofollow\">\n\t\t\t\t\t\t\t<img fetchpriority=\"high\" decoding=\"async\" width=\"900\" height=\"458\" src=\"https:\/\/csanamlux.be\/wp-content\/uploads\/2024\/09\/Capture-decran-2024-09-08-215952-900x458.png\" class=\"attachment-responsive-900 size-responsive-900 wp-image-358\" alt=\"\" srcset=\"https:\/\/csanamlux.be\/wp-content\/uploads\/2024\/09\/Capture-decran-2024-09-08-215952-900x458.png 900w, https:\/\/csanamlux.be\/wp-content\/uploads\/2024\/09\/Capture-decran-2024-09-08-215952-300x153.png 300w, https:\/\/csanamlux.be\/wp-content\/uploads\/2024\/09\/Capture-decran-2024-09-08-215952-1024x521.png 1024w, https:\/\/csanamlux.be\/wp-content\/uploads\/2024\/09\/Capture-decran-2024-09-08-215952-768x391.png 768w, https:\/\/csanamlux.be\/wp-content\/uploads\/2024\/09\/Capture-decran-2024-09-08-215952-100x51.png 100w, https:\/\/csanamlux.be\/wp-content\/uploads\/2024\/09\/Capture-decran-2024-09-08-215952-150x76.png 150w, https:\/\/csanamlux.be\/wp-content\/uploads\/2024\/09\/Capture-decran-2024-09-08-215952-200x102.png 200w, https:\/\/csanamlux.be\/wp-content\/uploads\/2024\/09\/Capture-decran-2024-09-08-215952-450x229.png 450w, https:\/\/csanamlux.be\/wp-content\/uploads\/2024\/09\/Capture-decran-2024-09-08-215952-600x305.png 600w, https:\/\/csanamlux.be\/wp-content\/uploads\/2024\/09\/Capture-decran-2024-09-08-215952.png 1258w\" sizes=\"(max-width: 900px) 100vw, 900px\" \/>\t\t\t\t\t\t\t\t<\/a>\n\t\t\t\t\t\t\t\t\t\t\t\t\t\t\t<\/div>\n\t\t\t\t<\/div>\n\t\t\t\t\t<\/div>\n\t\t\t\t<\/div>\n\t\t\t\t<\/div>\n\t\t","protected":false},"excerpt":{"rendered":"<p>Planification et monitorage du C.O.Ou comment utiliser le num\u00e9rique au service de mon C.O. ?D\u00e9couvrez comment optimiser les ressources et traces de votre C.O. gr\u00e2ce \u00e0 l\u2019outil num\u00e9rique. Int\u00e9ress\u00e9 ? Alors cliquez sur l\u2019image pour d\u00e9couvrir le contenu de l\u2019offre.<\/p>\n","protected":false},"author":1,"featured_media":0,"parent":0,"menu_order":0,"comment_status":"closed","ping_status":"closed","template":"elementor_header_footer","meta":{"footnotes":""},"class_list":["post-151","page","type-page","status-publish","hentry"],"featured_image_src":"","featured_image_src_square":false,"rbea_author_info":{"display_name":"admin3534","author_link":"https:\/\/csanamlux.be\/index.php\/author\/admin3534\/"},"rbea_excerpt_info":"Planification et monitorage du C.O.Ou comment utiliser le num\u00e9rique au service de mon C.O. ?D\u00e9couvrez comment optimiser les ressources et traces de votre C.O. gr\u00e2ce \u00e0 l\u2019outil num\u00e9rique. Int\u00e9ress\u00e9 ? Alors cliquez sur l\u2019image pour d\u00e9couvrir le contenu de l\u2019offre.","_links":{"self":[{"href":"https:\/\/csanamlux.be\/index.php\/wp-json\/wp\/v2\/pages\/151","targetHints":{"allow":["GET"]}}],"collection":[{"href":"https:\/\/csanamlux.be\/index.php\/wp-json\/wp\/v2\/pages"}],"about":[{"href":"https:\/\/csanamlux.be\/index.php\/wp-json\/wp\/v2\/types\/page"}],"author":[{"embeddable":true,"href":"https:\/\/csanamlux.be\/index.php\/wp-json\/wp\/v2\/users\/1"}],"replies":[{"embeddable":true,"href":"https:\/\/csanamlux.be\/index.php\/wp-json\/wp\/v2\/comments?post=151"}],"version-history":[{"count":17,"href":"https:\/\/csanamlux.be\/index.php\/wp-json\/wp\/v2\/pages\/151\/revisions"}],"predecessor-version":[{"id":839,"href":"https:\/\/csanamlux.be\/index.php\/wp-json\/wp\/v2\/pages\/151\/revisions\/839"}],"wp:attachment":[{"href":"https:\/\/csanamlux.be\/index.php\/wp-json\/wp\/v2\/media?parent=151"}],"curies":[{"name":"wp","href":"https:\/\/api.w.org\/{rel}","templated":true}]}}