{"id":149,"date":"2024-09-05T22:41:33","date_gmt":"2024-09-05T20:41:33","guid":{"rendered":"https:\/\/csanamlux.be\/?page_id=149"},"modified":"2025-09-17T22:19:01","modified_gmt":"2025-09-17T20:19:01","slug":"apprentissage-par-le-numerique","status":"publish","type":"page","link":"https:\/\/csanamlux.be\/index.php\/apprentissage-par-le-numerique\/","title":{"rendered":"Apprentissage PAR le num\u00e9rique"},"content":{"rendered":"\t\t<div data-elementor-type=\"wp-page\" data-elementor-id=\"149\" class=\"elementor elementor-149\">\n\t\t\t\t<div class=\"elementor-element elementor-element-1c9654a e-flex e-con-boxed e-con e-parent\" data-id=\"1c9654a\" data-element_type=\"container\">\n\t\t\t\t\t<div class=\"e-con-inner\">\n\t\t\t\t<div class=\"elementor-element elementor-element-eefeb99 elementor-widget elementor-widget-image\" data-id=\"eefeb99\" data-element_type=\"widget\" data-widget_type=\"image.default\">\n\t\t\t\t<div class=\"elementor-widget-container\">\n\t\t\t\t\t\t\t\t\t\t\t\t\t\t\t\t<a href=\"https:\/\/refnum2425.my.canva.site\/#webinaires\" target=\"_blank\" rel=\"nofollow\">\n\t\t\t\t\t\t\t<img fetchpriority=\"high\" decoding=\"async\" width=\"941\" height=\"97\" src=\"https:\/\/csanamlux.be\/wp-content\/uploads\/2024\/09\/Capture-decran-2024-09-17-091813-1024x106.png\" class=\"attachment-large size-large wp-image-1213\" alt=\"\" srcset=\"https:\/\/csanamlux.be\/wp-content\/uploads\/2024\/09\/Capture-decran-2024-09-17-091813-1024x106.png 1024w, https:\/\/csanamlux.be\/wp-content\/uploads\/2024\/09\/Capture-decran-2024-09-17-091813-300x31.png 300w, https:\/\/csanamlux.be\/wp-content\/uploads\/2024\/09\/Capture-decran-2024-09-17-091813-768x79.png 768w, https:\/\/csanamlux.be\/wp-content\/uploads\/2024\/09\/Capture-decran-2024-09-17-091813-100x10.png 100w, https:\/\/csanamlux.be\/wp-content\/uploads\/2024\/09\/Capture-decran-2024-09-17-091813-150x15.png 150w, https:\/\/csanamlux.be\/wp-content\/uploads\/2024\/09\/Capture-decran-2024-09-17-091813-200x21.png 200w, https:\/\/csanamlux.be\/wp-content\/uploads\/2024\/09\/Capture-decran-2024-09-17-091813-450x46.png 450w, https:\/\/csanamlux.be\/wp-content\/uploads\/2024\/09\/Capture-decran-2024-09-17-091813-600x62.png 600w, https:\/\/csanamlux.be\/wp-content\/uploads\/2024\/09\/Capture-decran-2024-09-17-091813-900x93.png 900w, https:\/\/csanamlux.be\/wp-content\/uploads\/2024\/09\/Capture-decran-2024-09-17-091813.png 1075w\" sizes=\"(max-width: 941px) 100vw, 941px\" \/>\t\t\t\t\t\t\t\t<\/a>\n\t\t\t\t\t\t\t\t\t\t\t\t\t\t\t<\/div>\n\t\t\t\t<\/div>\n\t\t\t\t\t<\/div>\n\t\t\t\t<\/div>\n\t\t<div class=\"elementor-element elementor-element-bd939a2 e-flex e-con-boxed e-con e-parent\" data-id=\"bd939a2\" data-element_type=\"container\">\n\t\t\t\t\t<div class=\"e-con-inner\">\n\t\t\t\t<div class=\"elementor-element elementor-element-5882c42 elementor-widget elementor-widget-text-editor\" data-id=\"5882c42\" data-element_type=\"widget\" data-widget_type=\"text-editor.default\">\n\t\t\t\t<div class=\"elementor-widget-container\">\n\t\t\t\t\t\t\t\t\t<h4 style=\"text-align: center;\">Apprentissage PAR le num\u00e9rique<\/h4><h4 style=\"text-align: center;\">Utiliser le num\u00e9rique au service d&rsquo;une autre comp\u00e9tence<\/h4><h4 style=\"text-align: center;\">Vous voulez int\u00e9grer les outils num\u00e9riques dans votre \u00e9cole, alors nous pouvons vous y aider.<\/h4><h4 style=\"text-align: center;\">D\u00e9couvrez vite nos deux offres en cliquant sur l\u2019image.\u200b<\/h4>\t\t\t\t\t\t\t\t<\/div>\n\t\t\t\t<\/div>\n\t\t\t\t\t<\/div>\n\t\t\t\t<\/div>\n\t\t<div class=\"elementor-element elementor-element-e0c7562 e-flex e-con-boxed e-con e-parent\" data-id=\"e0c7562\" data-element_type=\"container\">\n\t\t\t\t\t<div class=\"e-con-inner\">\n\t\t\t\t<div class=\"elementor-element elementor-element-e5cb96e elementor-widget elementor-widget-image\" data-id=\"e5cb96e\" data-element_type=\"widget\" data-widget_type=\"image.default\">\n\t\t\t\t<div class=\"elementor-widget-container\">\n\t\t\t\t\t\t\t\t\t\t\t\t\t\t\t\t<a href=\"https:\/\/view.genially.com\/650179b6e01bcf0011dfaa68\" target=\"_blank\" rel=\"nofollow\">\n\t\t\t\t\t\t\t<img decoding=\"async\" width=\"941\" height=\"478\" src=\"https:\/\/csanamlux.be\/wp-content\/uploads\/2024\/09\/Capture-decran-2024-09-08-203904-1024x520.png\" class=\"attachment-large size-large wp-image-349\" alt=\"\" srcset=\"https:\/\/csanamlux.be\/wp-content\/uploads\/2024\/09\/Capture-decran-2024-09-08-203904-1024x520.png 1024w, https:\/\/csanamlux.be\/wp-content\/uploads\/2024\/09\/Capture-decran-2024-09-08-203904-300x152.png 300w, https:\/\/csanamlux.be\/wp-content\/uploads\/2024\/09\/Capture-decran-2024-09-08-203904-768x390.png 768w, https:\/\/csanamlux.be\/wp-content\/uploads\/2024\/09\/Capture-decran-2024-09-08-203904-100x51.png 100w, https:\/\/csanamlux.be\/wp-content\/uploads\/2024\/09\/Capture-decran-2024-09-08-203904-150x76.png 150w, https:\/\/csanamlux.be\/wp-content\/uploads\/2024\/09\/Capture-decran-2024-09-08-203904-200x102.png 200w, https:\/\/csanamlux.be\/wp-content\/uploads\/2024\/09\/Capture-decran-2024-09-08-203904-450x229.png 450w, https:\/\/csanamlux.be\/wp-content\/uploads\/2024\/09\/Capture-decran-2024-09-08-203904-600x305.png 600w, https:\/\/csanamlux.be\/wp-content\/uploads\/2024\/09\/Capture-decran-2024-09-08-203904-900x457.png 900w, https:\/\/csanamlux.be\/wp-content\/uploads\/2024\/09\/Capture-decran-2024-09-08-203904.png 1264w\" sizes=\"(max-width: 941px) 100vw, 941px\" \/>\t\t\t\t\t\t\t\t<\/a>\n\t\t\t\t\t\t\t\t\t\t\t\t\t\t\t<\/div>\n\t\t\t\t<\/div>\n\t\t\t\t\t<\/div>\n\t\t\t\t<\/div>\n\t\t\t\t<\/div>\n\t\t","protected":false},"excerpt":{"rendered":"<p>Apprentissage PAR le num\u00e9rique Utiliser le num\u00e9rique au service d&rsquo;une autre comp\u00e9tence Vous voulez int\u00e9grer les outils num\u00e9riques dans votre \u00e9cole, alors nous pouvons vous y aider. D\u00e9couvrez vite nos deux offres en cliquant sur l\u2019image.\u200b<\/p>\n","protected":false},"author":1,"featured_media":0,"parent":0,"menu_order":0,"comment_status":"closed","ping_status":"closed","template":"elementor_header_footer","meta":{"footnotes":""},"class_list":["post-149","page","type-page","status-publish","hentry"],"featured_image_src":"","featured_image_src_square":false,"rbea_author_info":{"display_name":"admin3534","author_link":"https:\/\/csanamlux.be\/index.php\/author\/admin3534\/"},"rbea_excerpt_info":"Apprentissage PAR le num\u00e9rique Utiliser le num\u00e9rique au service d&rsquo;une autre comp\u00e9tence Vous voulez int\u00e9grer les outils num\u00e9riques dans votre \u00e9cole, alors nous pouvons vous y aider. D\u00e9couvrez vite nos deux offres en cliquant sur l\u2019image.\u200b","_links":{"self":[{"href":"https:\/\/csanamlux.be\/index.php\/wp-json\/wp\/v2\/pages\/149","targetHints":{"allow":["GET"]}}],"collection":[{"href":"https:\/\/csanamlux.be\/index.php\/wp-json\/wp\/v2\/pages"}],"about":[{"href":"https:\/\/csanamlux.be\/index.php\/wp-json\/wp\/v2\/types\/page"}],"author":[{"embeddable":true,"href":"https:\/\/csanamlux.be\/index.php\/wp-json\/wp\/v2\/users\/1"}],"replies":[{"embeddable":true,"href":"https:\/\/csanamlux.be\/index.php\/wp-json\/wp\/v2\/comments?post=149"}],"version-history":[{"count":31,"href":"https:\/\/csanamlux.be\/index.php\/wp-json\/wp\/v2\/pages\/149\/revisions"}],"predecessor-version":[{"id":1901,"href":"https:\/\/csanamlux.be\/index.php\/wp-json\/wp\/v2\/pages\/149\/revisions\/1901"}],"wp:attachment":[{"href":"https:\/\/csanamlux.be\/index.php\/wp-json\/wp\/v2\/media?parent=149"}],"curies":[{"name":"wp","href":"https:\/\/api.w.org\/{rel}","templated":true}]}}