{"id":147,"date":"2024-09-05T22:41:05","date_gmt":"2024-09-05T20:41:05","guid":{"rendered":"https:\/\/csanamlux.be\/?page_id=147"},"modified":"2024-09-23T11:35:07","modified_gmt":"2024-09-23T09:35:07","slug":"apprentissage-au-numerique","status":"publish","type":"page","link":"https:\/\/csanamlux.be\/index.php\/apprentissage-au-numerique\/","title":{"rendered":"Apprentissage AU num\u00e9rique"},"content":{"rendered":"\t\t<div data-elementor-type=\"wp-page\" data-elementor-id=\"147\" class=\"elementor elementor-147\">\n\t\t\t\t<div class=\"elementor-element elementor-element-fa3c8fb e-flex e-con-boxed e-con e-parent\" data-id=\"fa3c8fb\" data-element_type=\"container\">\n\t\t\t\t\t<div class=\"e-con-inner\">\n\t\t\t\t<div class=\"elementor-element elementor-element-be91689 elementor-widget elementor-widget-image\" data-id=\"be91689\" data-element_type=\"widget\" data-widget_type=\"image.default\">\n\t\t\t\t<div class=\"elementor-widget-container\">\n\t\t\t\t\t\t\t\t\t\t\t\t\t\t\t\t<a href=\"https:\/\/refnum2425.my.canva.site\/#webinaires\" target=\"_blank\" rel=\"nofollow\">\n\t\t\t\t\t\t\t<img fetchpriority=\"high\" decoding=\"async\" width=\"941\" height=\"97\" src=\"https:\/\/csanamlux.be\/wp-content\/uploads\/2024\/09\/Capture-decran-2024-09-17-091813-1024x106.png\" class=\"attachment-large size-large wp-image-1213\" alt=\"\" srcset=\"https:\/\/csanamlux.be\/wp-content\/uploads\/2024\/09\/Capture-decran-2024-09-17-091813-1024x106.png 1024w, https:\/\/csanamlux.be\/wp-content\/uploads\/2024\/09\/Capture-decran-2024-09-17-091813-300x31.png 300w, https:\/\/csanamlux.be\/wp-content\/uploads\/2024\/09\/Capture-decran-2024-09-17-091813-768x79.png 768w, https:\/\/csanamlux.be\/wp-content\/uploads\/2024\/09\/Capture-decran-2024-09-17-091813-100x10.png 100w, https:\/\/csanamlux.be\/wp-content\/uploads\/2024\/09\/Capture-decran-2024-09-17-091813-150x15.png 150w, https:\/\/csanamlux.be\/wp-content\/uploads\/2024\/09\/Capture-decran-2024-09-17-091813-200x21.png 200w, https:\/\/csanamlux.be\/wp-content\/uploads\/2024\/09\/Capture-decran-2024-09-17-091813-450x46.png 450w, https:\/\/csanamlux.be\/wp-content\/uploads\/2024\/09\/Capture-decran-2024-09-17-091813-600x62.png 600w, https:\/\/csanamlux.be\/wp-content\/uploads\/2024\/09\/Capture-decran-2024-09-17-091813-900x93.png 900w, https:\/\/csanamlux.be\/wp-content\/uploads\/2024\/09\/Capture-decran-2024-09-17-091813.png 1075w\" sizes=\"(max-width: 941px) 100vw, 941px\" \/>\t\t\t\t\t\t\t\t<\/a>\n\t\t\t\t\t\t\t\t\t\t\t\t\t\t\t<\/div>\n\t\t\t\t<\/div>\n\t\t\t\t\t<\/div>\n\t\t\t\t<\/div>\n\t\t<div class=\"elementor-element elementor-element-8328145 e-flex e-con-boxed e-con e-parent\" data-id=\"8328145\" data-element_type=\"container\">\n\t\t\t\t\t<div class=\"e-con-inner\">\n\t\t\t\t<div class=\"elementor-element elementor-element-4a1235b elementor-widget elementor-widget-text-editor\" data-id=\"4a1235b\" data-element_type=\"widget\" data-widget_type=\"text-editor.default\">\n\t\t\t\t<div class=\"elementor-widget-container\">\n\t\t\t\t\t\t\t\t\t<h4 style=\"text-align: center;\">Envie de d\u00e9couvrir le nouveau programme.<\/h4><h4 style=\"text-align: center;\">Vos enseignants veulent d\u00e9couvrir et appr\u00e9hender le nouveau programme num\u00e9rique.<\/h4><h4 style=\"text-align: center;\">Vous cherchez une animation pour y arriver ?<\/h4><h4 style=\"text-align: center;\">Alors, cliquez sur l\u2019image pour d\u00e9couvrir nos propositions.\u200b<\/h4>\t\t\t\t\t\t\t\t<\/div>\n\t\t\t\t<\/div>\n\t\t\t\t<div class=\"elementor-element elementor-element-06c758d elementor-widget elementor-widget-image\" data-id=\"06c758d\" data-element_type=\"widget\" data-widget_type=\"image.default\">\n\t\t\t\t<div class=\"elementor-widget-container\">\n\t\t\t\t\t\t\t\t\t\t\t\t\t\t\t\t<a href=\"https:\/\/view.genially.com\/650179b6e01bcf0011dfaa68\" target=\"_blank\" rel=\"nofollow\">\n\t\t\t\t\t\t\t<img decoding=\"async\" width=\"941\" height=\"476\" src=\"https:\/\/csanamlux.be\/wp-content\/uploads\/2024\/09\/Capture-decran-2024-09-08-203508-1024x518.png\" class=\"attachment-large size-large wp-image-345\" alt=\"\" srcset=\"https:\/\/csanamlux.be\/wp-content\/uploads\/2024\/09\/Capture-decran-2024-09-08-203508-1024x518.png 1024w, https:\/\/csanamlux.be\/wp-content\/uploads\/2024\/09\/Capture-decran-2024-09-08-203508-300x152.png 300w, https:\/\/csanamlux.be\/wp-content\/uploads\/2024\/09\/Capture-decran-2024-09-08-203508-768x389.png 768w, https:\/\/csanamlux.be\/wp-content\/uploads\/2024\/09\/Capture-decran-2024-09-08-203508-100x51.png 100w, https:\/\/csanamlux.be\/wp-content\/uploads\/2024\/09\/Capture-decran-2024-09-08-203508-150x76.png 150w, https:\/\/csanamlux.be\/wp-content\/uploads\/2024\/09\/Capture-decran-2024-09-08-203508-200x101.png 200w, https:\/\/csanamlux.be\/wp-content\/uploads\/2024\/09\/Capture-decran-2024-09-08-203508-450x228.png 450w, https:\/\/csanamlux.be\/wp-content\/uploads\/2024\/09\/Capture-decran-2024-09-08-203508-600x304.png 600w, https:\/\/csanamlux.be\/wp-content\/uploads\/2024\/09\/Capture-decran-2024-09-08-203508-900x456.png 900w, https:\/\/csanamlux.be\/wp-content\/uploads\/2024\/09\/Capture-decran-2024-09-08-203508.png 1262w\" sizes=\"(max-width: 941px) 100vw, 941px\" \/>\t\t\t\t\t\t\t\t<\/a>\n\t\t\t\t\t\t\t\t\t\t\t\t\t\t\t<\/div>\n\t\t\t\t<\/div>\n\t\t\t\t\t<\/div>\n\t\t\t\t<\/div>\n\t\t\t\t<\/div>\n\t\t","protected":false},"excerpt":{"rendered":"<p>Envie de d\u00e9couvrir le nouveau programme. Vos enseignants veulent d\u00e9couvrir et appr\u00e9hender le nouveau programme num\u00e9rique. Vous cherchez une animation pour y arriver ? Alors, cliquez sur l\u2019image pour d\u00e9couvrir nos propositions.\u200b<\/p>\n","protected":false},"author":1,"featured_media":0,"parent":0,"menu_order":0,"comment_status":"closed","ping_status":"closed","template":"elementor_header_footer","meta":{"footnotes":""},"class_list":["post-147","page","type-page","status-publish","hentry"],"featured_image_src":"","featured_image_src_square":false,"rbea_author_info":{"display_name":"admin3534","author_link":"https:\/\/csanamlux.be\/index.php\/author\/admin3534\/"},"rbea_excerpt_info":"Envie de d\u00e9couvrir le nouveau programme. Vos enseignants veulent d\u00e9couvrir et appr\u00e9hender le nouveau programme num\u00e9rique. Vous cherchez une animation pour y arriver ? Alors, cliquez sur l\u2019image pour d\u00e9couvrir nos propositions.\u200b","_links":{"self":[{"href":"https:\/\/csanamlux.be\/index.php\/wp-json\/wp\/v2\/pages\/147","targetHints":{"allow":["GET"]}}],"collection":[{"href":"https:\/\/csanamlux.be\/index.php\/wp-json\/wp\/v2\/pages"}],"about":[{"href":"https:\/\/csanamlux.be\/index.php\/wp-json\/wp\/v2\/types\/page"}],"author":[{"embeddable":true,"href":"https:\/\/csanamlux.be\/index.php\/wp-json\/wp\/v2\/users\/1"}],"replies":[{"embeddable":true,"href":"https:\/\/csanamlux.be\/index.php\/wp-json\/wp\/v2\/comments?post=147"}],"version-history":[{"count":28,"href":"https:\/\/csanamlux.be\/index.php\/wp-json\/wp\/v2\/pages\/147\/revisions"}],"predecessor-version":[{"id":1223,"href":"https:\/\/csanamlux.be\/index.php\/wp-json\/wp\/v2\/pages\/147\/revisions\/1223"}],"wp:attachment":[{"href":"https:\/\/csanamlux.be\/index.php\/wp-json\/wp\/v2\/media?parent=147"}],"curies":[{"name":"wp","href":"https:\/\/api.w.org\/{rel}","templated":true}]}}