{"id":145,"date":"2024-09-05T22:40:08","date_gmt":"2024-09-05T20:40:08","guid":{"rendered":"https:\/\/csanamlux.be\/?page_id=145"},"modified":"2025-09-16T21:16:19","modified_gmt":"2025-09-16T19:16:19","slug":"referents-numeriques","status":"publish","type":"page","link":"https:\/\/csanamlux.be\/index.php\/referents-numeriques\/","title":{"rendered":"R\u00e9f\u00e9rents num\u00e9riques"},"content":{"rendered":"\t\t<div data-elementor-type=\"wp-page\" data-elementor-id=\"145\" class=\"elementor elementor-145\">\n\t\t\t\t<div class=\"elementor-element elementor-element-2887a9b e-flex e-con-boxed e-con e-parent\" data-id=\"2887a9b\" data-element_type=\"container\">\n\t\t\t\t\t<div class=\"e-con-inner\">\n\t\t\t\t<div class=\"elementor-element elementor-element-cc2b59f elementor-widget elementor-widget-image\" data-id=\"cc2b59f\" data-element_type=\"widget\" data-widget_type=\"image.default\">\n\t\t\t\t<div class=\"elementor-widget-container\">\n\t\t\t\t\t\t\t\t\t\t\t\t\t\t\t\t<a href=\"https:\/\/refnum2425.my.canva.site\/accueil\/#webinaires\" target=\"_blank\" rel=\"nofollow\">\n\t\t\t\t\t\t\t<img fetchpriority=\"high\" decoding=\"async\" width=\"941\" height=\"97\" src=\"https:\/\/csanamlux.be\/wp-content\/uploads\/2024\/09\/Capture-decran-2024-09-17-091813-1024x106.png\" class=\"attachment-large size-large wp-image-1213\" alt=\"\" srcset=\"https:\/\/csanamlux.be\/wp-content\/uploads\/2024\/09\/Capture-decran-2024-09-17-091813-1024x106.png 1024w, https:\/\/csanamlux.be\/wp-content\/uploads\/2024\/09\/Capture-decran-2024-09-17-091813-300x31.png 300w, https:\/\/csanamlux.be\/wp-content\/uploads\/2024\/09\/Capture-decran-2024-09-17-091813-768x79.png 768w, https:\/\/csanamlux.be\/wp-content\/uploads\/2024\/09\/Capture-decran-2024-09-17-091813-100x10.png 100w, https:\/\/csanamlux.be\/wp-content\/uploads\/2024\/09\/Capture-decran-2024-09-17-091813-150x15.png 150w, https:\/\/csanamlux.be\/wp-content\/uploads\/2024\/09\/Capture-decran-2024-09-17-091813-200x21.png 200w, https:\/\/csanamlux.be\/wp-content\/uploads\/2024\/09\/Capture-decran-2024-09-17-091813-450x46.png 450w, https:\/\/csanamlux.be\/wp-content\/uploads\/2024\/09\/Capture-decran-2024-09-17-091813-600x62.png 600w, https:\/\/csanamlux.be\/wp-content\/uploads\/2024\/09\/Capture-decran-2024-09-17-091813-900x93.png 900w, https:\/\/csanamlux.be\/wp-content\/uploads\/2024\/09\/Capture-decran-2024-09-17-091813.png 1075w\" sizes=\"(max-width: 941px) 100vw, 941px\" \/>\t\t\t\t\t\t\t\t<\/a>\n\t\t\t\t\t\t\t\t\t\t\t\t\t\t\t<\/div>\n\t\t\t\t<\/div>\n\t\t\t\t<div class=\"elementor-element elementor-element-54422c8 elementor-widget elementor-widget-text-editor\" data-id=\"54422c8\" data-element_type=\"widget\" data-widget_type=\"text-editor.default\">\n\t\t\t\t<div class=\"elementor-widget-container\">\n\t\t\t\t\t\t\t\t\t<h4 style=\"text-align: center;\">Nous avons \u00e9labor\u00e9 toute une s\u00e9rie d\u2019accompagnements pour votre r\u00e9f\u00e9rent num\u00e9rique pour qu\u2019il soit une r\u00e9elle plus-value pour votre \u00e9quipe.<br \/><strong>Cliquez sur l\u2019image pour d\u00e9couvrir les offres des RN.<\/strong><\/h4>\t\t\t\t\t\t\t\t<\/div>\n\t\t\t\t<\/div>\n\t\t\t\t<div class=\"elementor-element elementor-element-1728872 elementor-widget elementor-widget-image\" data-id=\"1728872\" data-element_type=\"widget\" data-widget_type=\"image.default\">\n\t\t\t\t<div class=\"elementor-widget-container\">\n\t\t\t\t\t\t\t\t\t\t\t\t\t\t\t\t<a href=\"https:\/\/refnum2425.my.canva.site\/accueil\" target=\"_blank\" rel=\"nofollow\">\n\t\t\t\t\t\t\t<img decoding=\"async\" width=\"941\" height=\"475\" src=\"https:\/\/csanamlux.be\/wp-content\/uploads\/2024\/09\/Capture-decran-2024-09-08-202239-1024x517.png\" class=\"attachment-large size-large wp-image-331\" alt=\"\" srcset=\"https:\/\/csanamlux.be\/wp-content\/uploads\/2024\/09\/Capture-decran-2024-09-08-202239-1024x517.png 1024w, https:\/\/csanamlux.be\/wp-content\/uploads\/2024\/09\/Capture-decran-2024-09-08-202239-300x152.png 300w, https:\/\/csanamlux.be\/wp-content\/uploads\/2024\/09\/Capture-decran-2024-09-08-202239-768x388.png 768w, https:\/\/csanamlux.be\/wp-content\/uploads\/2024\/09\/Capture-decran-2024-09-08-202239-100x51.png 100w, https:\/\/csanamlux.be\/wp-content\/uploads\/2024\/09\/Capture-decran-2024-09-08-202239-150x76.png 150w, https:\/\/csanamlux.be\/wp-content\/uploads\/2024\/09\/Capture-decran-2024-09-08-202239-200x101.png 200w, https:\/\/csanamlux.be\/wp-content\/uploads\/2024\/09\/Capture-decran-2024-09-08-202239-450x227.png 450w, https:\/\/csanamlux.be\/wp-content\/uploads\/2024\/09\/Capture-decran-2024-09-08-202239-600x303.png 600w, https:\/\/csanamlux.be\/wp-content\/uploads\/2024\/09\/Capture-decran-2024-09-08-202239-900x455.png 900w, https:\/\/csanamlux.be\/wp-content\/uploads\/2024\/09\/Capture-decran-2024-09-08-202239.png 1263w\" sizes=\"(max-width: 941px) 100vw, 941px\" \/>\t\t\t\t\t\t\t\t<\/a>\n\t\t\t\t\t\t\t\t\t\t\t\t\t\t\t<\/div>\n\t\t\t\t<\/div>\n\t\t\t\t<div class=\"elementor-element elementor-element-6102fd9 elementor-widget elementor-widget-image\" data-id=\"6102fd9\" data-element_type=\"widget\" data-widget_type=\"image.default\">\n\t\t\t\t<div class=\"elementor-widget-container\">\n\t\t\t\t\t\t\t\t\t\t\t\t\t\t\t\t<a href=\"https:\/\/refnum2425.my.canva.site\/accueil\" target=\"_blank\" rel=\"nofollow\">\n\t\t\t\t\t\t\t<img decoding=\"async\" width=\"768\" height=\"1086\" src=\"https:\/\/csanamlux.be\/wp-content\/uploads\/2025\/09\/Affiche-Referents-numeriques-1-1_page-0001-768x1086.jpg\" class=\"attachment-medium_large size-medium_large wp-image-1858\" alt=\"\" srcset=\"https:\/\/csanamlux.be\/wp-content\/uploads\/2025\/09\/Affiche-Referents-numeriques-1-1_page-0001-768x1086.jpg 768w, https:\/\/csanamlux.be\/wp-content\/uploads\/2025\/09\/Affiche-Referents-numeriques-1-1_page-0001-212x300.jpg 212w, https:\/\/csanamlux.be\/wp-content\/uploads\/2025\/09\/Affiche-Referents-numeriques-1-1_page-0001-724x1024.jpg 724w, https:\/\/csanamlux.be\/wp-content\/uploads\/2025\/09\/Affiche-Referents-numeriques-1-1_page-0001-1086x1536.jpg 1086w, https:\/\/csanamlux.be\/wp-content\/uploads\/2025\/09\/Affiche-Referents-numeriques-1-1_page-0001-1448x2048.jpg 1448w, https:\/\/csanamlux.be\/wp-content\/uploads\/2025\/09\/Affiche-Referents-numeriques-1-1_page-0001-100x141.jpg 100w, https:\/\/csanamlux.be\/wp-content\/uploads\/2025\/09\/Affiche-Referents-numeriques-1-1_page-0001-150x212.jpg 150w, https:\/\/csanamlux.be\/wp-content\/uploads\/2025\/09\/Affiche-Referents-numeriques-1-1_page-0001-200x283.jpg 200w, https:\/\/csanamlux.be\/wp-content\/uploads\/2025\/09\/Affiche-Referents-numeriques-1-1_page-0001-300x424.jpg 300w, https:\/\/csanamlux.be\/wp-content\/uploads\/2025\/09\/Affiche-Referents-numeriques-1-1_page-0001-450x637.jpg 450w, https:\/\/csanamlux.be\/wp-content\/uploads\/2025\/09\/Affiche-Referents-numeriques-1-1_page-0001-600x849.jpg 600w, https:\/\/csanamlux.be\/wp-content\/uploads\/2025\/09\/Affiche-Referents-numeriques-1-1_page-0001-900x1273.jpg 900w, https:\/\/csanamlux.be\/wp-content\/uploads\/2025\/09\/Affiche-Referents-numeriques-1-1_page-0001-scaled.jpg 1810w\" sizes=\"(max-width: 768px) 100vw, 768px\" \/>\t\t\t\t\t\t\t\t<\/a>\n\t\t\t\t\t\t\t\t\t\t\t\t\t\t\t<\/div>\n\t\t\t\t<\/div>\n\t\t\t\t\t<\/div>\n\t\t\t\t<\/div>\n\t\t<div class=\"elementor-element elementor-element-0b0001f e-flex e-con-boxed e-con e-parent\" data-id=\"0b0001f\" data-element_type=\"container\">\n\t\t\t\t\t<div class=\"e-con-inner\">\n\t\t\t\t\t<\/div>\n\t\t\t\t<\/div>\n\t\t\t\t<\/div>\n\t\t","protected":false},"excerpt":{"rendered":"<p>Nous avons \u00e9labor\u00e9 toute une s\u00e9rie d\u2019accompagnements pour votre r\u00e9f\u00e9rent num\u00e9rique pour qu\u2019il soit une r\u00e9elle plus-value pour votre \u00e9quipe.Cliquez sur l\u2019image pour d\u00e9couvrir les offres des RN.<\/p>\n","protected":false},"author":1,"featured_media":0,"parent":0,"menu_order":0,"comment_status":"closed","ping_status":"closed","template":"elementor_header_footer","meta":{"footnotes":""},"class_list":["post-145","page","type-page","status-publish","hentry"],"featured_image_src":"","featured_image_src_square":false,"rbea_author_info":{"display_name":"admin3534","author_link":"https:\/\/csanamlux.be\/index.php\/author\/admin3534\/"},"rbea_excerpt_info":"Nous avons \u00e9labor\u00e9 toute une s\u00e9rie d\u2019accompagnements pour votre r\u00e9f\u00e9rent num\u00e9rique pour qu\u2019il soit une r\u00e9elle plus-value pour votre \u00e9quipe.Cliquez sur l\u2019image pour d\u00e9couvrir les offres des RN.","_links":{"self":[{"href":"https:\/\/csanamlux.be\/index.php\/wp-json\/wp\/v2\/pages\/145","targetHints":{"allow":["GET"]}}],"collection":[{"href":"https:\/\/csanamlux.be\/index.php\/wp-json\/wp\/v2\/pages"}],"about":[{"href":"https:\/\/csanamlux.be\/index.php\/wp-json\/wp\/v2\/types\/page"}],"author":[{"embeddable":true,"href":"https:\/\/csanamlux.be\/index.php\/wp-json\/wp\/v2\/users\/1"}],"replies":[{"embeddable":true,"href":"https:\/\/csanamlux.be\/index.php\/wp-json\/wp\/v2\/comments?post=145"}],"version-history":[{"count":40,"href":"https:\/\/csanamlux.be\/index.php\/wp-json\/wp\/v2\/pages\/145\/revisions"}],"predecessor-version":[{"id":1874,"href":"https:\/\/csanamlux.be\/index.php\/wp-json\/wp\/v2\/pages\/145\/revisions\/1874"}],"wp:attachment":[{"href":"https:\/\/csanamlux.be\/index.php\/wp-json\/wp\/v2\/media?parent=145"}],"curies":[{"name":"wp","href":"https:\/\/api.w.org\/{rel}","templated":true}]}}