{"id":1164,"date":"2024-09-16T17:36:52","date_gmt":"2024-09-16T15:36:52","guid":{"rendered":"https:\/\/csanamlux.be\/?page_id=1164"},"modified":"2025-09-12T00:16:31","modified_gmt":"2025-09-11T22:16:31","slug":"formations-peca","status":"publish","type":"page","link":"https:\/\/csanamlux.be\/index.php\/formations-peca\/","title":{"rendered":"Formations PECA"},"content":{"rendered":"\t\t<div data-elementor-type=\"wp-page\" data-elementor-id=\"1164\" class=\"elementor elementor-1164\">\n\t\t\t\t<div class=\"elementor-element elementor-element-b78da18 e-flex e-con-boxed e-con e-parent\" data-id=\"b78da18\" data-element_type=\"container\" data-settings=\"{&quot;background_background&quot;:&quot;classic&quot;}\">\n\t\t\t\t\t<div class=\"e-con-inner\">\n\t\t\t\t<div class=\"elementor-element elementor-element-eaa1784 elementor-widget elementor-widget-heading\" data-id=\"eaa1784\" data-element_type=\"widget\" data-widget_type=\"heading.default\">\n\t\t\t\t<div class=\"elementor-widget-container\">\n\t\t\t\t\t<h2 class=\"elementor-heading-title elementor-size-default\">Offres de formation PECA<\/h2>\t\t\t\t<\/div>\n\t\t\t\t<\/div>\n\t\t<div class=\"elementor-element elementor-element-4579095 e-con-full e-flex e-con e-child\" data-id=\"4579095\" data-element_type=\"container\">\n\t\t<div class=\"elementor-element elementor-element-0209cca e-con-full e-flex e-con e-child\" data-id=\"0209cca\" data-element_type=\"container\">\n\t\t\t\t<div class=\"elementor-element elementor-element-04a1ac8 elementor-widget elementor-widget-heading\" data-id=\"04a1ac8\" data-element_type=\"widget\" data-widget_type=\"heading.default\">\n\t\t\t\t<div class=\"elementor-widget-container\">\n\t\t\t\t\t<h2 class=\"elementor-heading-title elementor-size-default\"><strong><u>Les 13 et 14 novembre 2025<\/u><\/strong>&nbsp;:<\/h2>\t\t\t\t<\/div>\n\t\t\t\t<\/div>\n\t\t\t\t<div class=\"elementor-element elementor-element-cbc5399 elementor-widget elementor-widget-text-editor\" data-id=\"cbc5399\" data-element_type=\"widget\" data-widget_type=\"text-editor.default\">\n\t\t\t\t<div class=\"elementor-widget-container\">\n\t\t\t\t\t\t\t\t\t<h1>Deux jours de formation \u00ab <em>Cap ou Peca\u2019p<\/em>\u00a0\u00bb dans la Province de Namur, ouverte \u00e0 tous les enseignants du Fondamental.<\/h1><h3><u>Objectifs<\/u>\u00a0: D\u00e9couvrir le PECA et vivre les 3 temps indissociables de celui-ci (la rencontre, la pratique, la connaissance) en alternant th\u00e9orie et pratique.<\/h3><h3>Pour cette formation, nous aurons de plaisir de vivre deux ateliers\u00a0:<\/h3><h3>1\u00b0 <strong>Un atelier sur les objets insolites<\/strong> propos\u00e9 par l\u2019Atelier Sorcier (\u00e0 Gembloux). Celui-ci sera l\u2019occasion d\u2019enrichir nos pratiques en nous laissant interpeler par ces diff\u00e9rentes questions\u00a0:<br \/>Comment un mat\u00e9riau\/objet de r\u00e9cup\u00e9ration insolite ou d\u00e9cal\u00e9 peut-il \u00eatre un point d\u00e9part \u00e0 la cr\u00e9ation ?<br \/>Comment la d\u00e9couverte d\u2019artistes contemporains, avec les techniques, les univers et les probl\u00e9matiques soci\u00e9tales qu\u2019ils explorent, peut-elle nourrir la d\u00e9marche cr\u00e9ative en classe ?<br \/>Comment le projet cr\u00e9atif peut-il b\u00e2tir des ponts vers d\u2019autres disciplines et les enrichir ?<\/h3><h3>2\u00b0 <strong>Langue fran\u00e7aise <\/strong>par Monsieur 13.<\/h3>\t\t\t\t\t\t\t\t<\/div>\n\t\t\t\t<\/div>\n\t\t\t\t<div class=\"elementor-element elementor-element-2aeb6b1 elementor-align-center elementor-widget elementor-widget-button\" data-id=\"2aeb6b1\" data-element_type=\"widget\" data-widget_type=\"button.default\">\n\t\t\t\t<div class=\"elementor-widget-container\">\n\t\t\t\t\t\t\t\t\t<div class=\"elementor-button-wrapper\">\n\t\t\t\t\t<a class=\"elementor-button elementor-button-link elementor-size-sm\" href=\"https:\/\/ifec-fo.valsoftware.cloud\/CATALOGUE\/CATALOGUE\/produit.aspx?p=1402797&#038;c=21\" target=\"_blank\" rel=\"nofollow\">\n\t\t\t\t\t\t<span class=\"elementor-button-content-wrapper\">\n\t\t\t\t\t\t\t\t\t<span class=\"elementor-button-text\">Inscription ICI<\/span>\n\t\t\t\t\t<\/span>\n\t\t\t\t\t<\/a>\n\t\t\t\t<\/div>\n\t\t\t\t\t\t\t\t<\/div>\n\t\t\t\t<\/div>\n\t\t\t\t<\/div>\n\t\t\t\t<\/div>\n\t\t\t\t\t<\/div>\n\t\t\t\t<\/div>\n\t\t<div class=\"elementor-element elementor-element-9a6a79d e-flex e-con-boxed e-con e-parent\" data-id=\"9a6a79d\" data-element_type=\"container\" data-settings=\"{&quot;background_background&quot;:&quot;classic&quot;}\">\n\t\t\t\t\t<div class=\"e-con-inner\">\n\t\t<div class=\"elementor-element elementor-element-f542107 e-con-full e-flex e-con e-child\" data-id=\"f542107\" data-element_type=\"container\">\n\t\t<div class=\"elementor-element elementor-element-31d5892 e-con-full e-flex e-con e-child\" data-id=\"31d5892\" data-element_type=\"container\">\n\t\t\t\t<div class=\"elementor-element elementor-element-64b1894 elementor-widget elementor-widget-heading\" data-id=\"64b1894\" data-element_type=\"widget\" data-widget_type=\"heading.default\">\n\t\t\t\t<div class=\"elementor-widget-container\">\n\t\t\t\t\t<h2 class=\"elementor-heading-title elementor-size-default\"><strong><u>Le 6 f\u00e9vrier 2026 : <\/u><\/strong><\/h2>\t\t\t\t<\/div>\n\t\t\t\t<\/div>\n\t\t\t\t<div class=\"elementor-element elementor-element-3e98d4d elementor-widget elementor-widget-text-editor\" data-id=\"3e98d4d\" data-element_type=\"widget\" data-widget_type=\"text-editor.default\">\n\t\t\t\t<div class=\"elementor-widget-container\">\n\t\t\t\t\t\t\t\t\t<h1 class=\"MsoNormal\"><span style=\"color: black; mso-themecolor: text1;\">Une journ\u00e9e de formation \u00e0 l\u2019attention des <b>D\u00e9l\u00e9gu\u00e9s PECA UNIQUEMENT.<\/b> <\/span><\/h1><h3>Celle-ci aura pour objet la cr\u00e9ation d&rsquo;une communaut\u00e9 de pratiques au sein de notre r\u00e9seau de d\u00e9l\u00e9gu\u00e9s. Elle sera aussi l\u2019occasion de re-baliser avec les d\u00e9l\u00e9gu\u00e9s leurs missions, de leur donner des outils pour mener celles-ci \u00e0 bien, de d\u00e9couvrir un op\u00e9rateur culturel (encore \u00e0 d\u00e9finir).<\/h3>\t\t\t\t\t\t\t\t<\/div>\n\t\t\t\t<\/div>\n\t\t\t\t<div class=\"elementor-element elementor-element-e084057 elementor-align-center elementor-widget elementor-widget-button\" data-id=\"e084057\" data-element_type=\"widget\" data-widget_type=\"button.default\">\n\t\t\t\t<div class=\"elementor-widget-container\">\n\t\t\t\t\t\t\t\t\t<div class=\"elementor-button-wrapper\">\n\t\t\t\t\t<a class=\"elementor-button elementor-button-link elementor-size-sm\" href=\"https:\/\/ifec-fo.valsoftware.cloud\/CATALOGUE\/CATALOGUE\/produit.aspx?p=1402806&#038;c=21\" target=\"_blank\" rel=\"nofollow\">\n\t\t\t\t\t\t<span class=\"elementor-button-content-wrapper\">\n\t\t\t\t\t\t\t\t\t<span class=\"elementor-button-text\">Inscription ICI<\/span>\n\t\t\t\t\t<\/span>\n\t\t\t\t\t<\/a>\n\t\t\t\t<\/div>\n\t\t\t\t\t\t\t\t<\/div>\n\t\t\t\t<\/div>\n\t\t\t\t<\/div>\n\t\t\t\t<\/div>\n\t\t\t\t\t<\/div>\n\t\t\t\t<\/div>\n\t\t<div class=\"elementor-element elementor-element-5d211cf e-flex e-con-boxed e-con e-parent\" data-id=\"5d211cf\" data-element_type=\"container\" data-settings=\"{&quot;background_background&quot;:&quot;classic&quot;}\">\n\t\t\t\t\t<div class=\"e-con-inner\">\n\t\t<div class=\"elementor-element elementor-element-2dc3a06 e-con-full e-flex e-con e-child\" data-id=\"2dc3a06\" data-element_type=\"container\">\n\t\t<div class=\"elementor-element elementor-element-41301e5 e-con-full e-flex e-con e-child\" data-id=\"41301e5\" data-element_type=\"container\">\n\t\t\t\t<div class=\"elementor-element elementor-element-f020653 elementor-widget elementor-widget-heading\" data-id=\"f020653\" data-element_type=\"widget\" data-widget_type=\"heading.default\">\n\t\t\t\t<div class=\"elementor-widget-container\">\n\t\t\t\t\t<h2 class=\"elementor-heading-title elementor-size-default\"><strong><u>Les 19 et 20 mars 26 :  <\/u><\/strong><\/h2>\t\t\t\t<\/div>\n\t\t\t\t<\/div>\n\t\t\t\t<div class=\"elementor-element elementor-element-b75df20 elementor-widget elementor-widget-text-editor\" data-id=\"b75df20\" data-element_type=\"widget\" data-widget_type=\"text-editor.default\">\n\t\t\t\t<div class=\"elementor-widget-container\">\n\t\t\t\t\t\t\t\t\t<h2 class=\"MsoNormal\"><span style=\"color: black; mso-themecolor: text1;\"><b>Une formation \u00e0 l\u2019image de celle des 13 et 14 novembre 25, mais cette fois en province de Luxembourg et en partenariat avec deux op\u00e9rateurs agissant sur cette m\u00eame province (op\u00e9rateurs \u00e0 confirmer).<\/b><\/span><\/h2>\t\t\t\t\t\t\t\t<\/div>\n\t\t\t\t<\/div>\n\t\t\t\t<div class=\"elementor-element elementor-element-af3b5fd elementor-align-center elementor-widget elementor-widget-button\" data-id=\"af3b5fd\" data-element_type=\"widget\" data-widget_type=\"button.default\">\n\t\t\t\t<div class=\"elementor-widget-container\">\n\t\t\t\t\t\t\t\t\t<div class=\"elementor-button-wrapper\">\n\t\t\t\t\t<a class=\"elementor-button elementor-button-link elementor-size-sm\" href=\"https:\/\/ifec-fo.valsoftware.cloud\/CATALOGUE\/CATALOGUE\/produit.aspx?p=1402797&#038;c=21\" target=\"_blank\" rel=\"nofollow\">\n\t\t\t\t\t\t<span class=\"elementor-button-content-wrapper\">\n\t\t\t\t\t\t\t\t\t<span class=\"elementor-button-text\">Inscription ICI<\/span>\n\t\t\t\t\t<\/span>\n\t\t\t\t\t<\/a>\n\t\t\t\t<\/div>\n\t\t\t\t\t\t\t\t<\/div>\n\t\t\t\t<\/div>\n\t\t\t\t<\/div>\n\t\t\t\t<\/div>\n\t\t\t\t\t<\/div>\n\t\t\t\t<\/div>\n\t\t<div class=\"elementor-element elementor-element-d059918 e-flex e-con-boxed e-con e-parent\" data-id=\"d059918\" data-element_type=\"container\">\n\t\t\t\t\t<div class=\"e-con-inner\">\n\t\t\t\t<div class=\"elementor-element elementor-element-0e6b899 elementor-widget elementor-widget-heading\" data-id=\"0e6b899\" data-element_type=\"widget\" data-widget_type=\"heading.default\">\n\t\t\t\t<div class=\"elementor-widget-container\">\n\t\t\t\t\t<h2 class=\"elementor-heading-title elementor-size-default\"><p>ATTENTION&nbsp;!\nVeillez \u00e0 ne pas commettre d\u2019erreurs en s\u00e9lectionnant la bonne formation dans la colonne de droite&nbsp;! En effet, celle-ci se donne dans tous les dioc\u00e8ses \u00e0 des moments diff\u00e9rents de l\u2019ann\u00e9e&nbsp;!<\/p><\/h2>\t\t\t\t<\/div>\n\t\t\t\t<\/div>\n\t\t\t\t\t<\/div>\n\t\t\t\t<\/div>\n\t\t\t\t<\/div>\n\t\t","protected":false},"excerpt":{"rendered":"<p>Offres de formation PECA Les 13 et 14 novembre 2025&nbsp;: Deux jours de formation \u00ab Cap ou Peca\u2019p\u00a0\u00bb dans la Province de Namur, ouverte \u00e0 tous les enseignants du Fondamental. Objectifs\u00a0: D\u00e9couvrir le PECA et vivre les 3 temps indissociables &hellip;<\/p>\n<p class=\"read-more\"> <a class=\"more-link\" href=\"https:\/\/csanamlux.be\/index.php\/formations-peca\/\"> <span class=\"screen-reader-text\">Formations PECA<\/span> Read More &raquo;<\/a><\/p>\n","protected":false},"author":1,"featured_media":0,"parent":0,"menu_order":0,"comment_status":"closed","ping_status":"closed","template":"elementor_header_footer","meta":{"footnotes":""},"class_list":["post-1164","page","type-page","status-publish","hentry"],"featured_image_src":"","featured_image_src_square":false,"rbea_author_info":{"display_name":"admin3534","author_link":"https:\/\/csanamlux.be\/index.php\/author\/admin3534\/"},"rbea_excerpt_info":"Offres de formation PECA Les 13 et 14 novembre 2025&nbsp;: Deux jours de formation \u00ab Cap ou Peca\u2019p\u00a0\u00bb dans la Province de Namur, ouverte \u00e0 tous les enseignants du Fondamental. Objectifs\u00a0: D\u00e9couvrir le PECA et vivre les 3 temps indissociables &hellip;<p class=\"read-more\"> <a class=\"more-link\" href=\"https:\/\/csanamlux.be\/index.php\/formations-peca\/\"> <span class=\"screen-reader-text\">Formations PECA<\/span> Read More &raquo;<\/a><\/p>","_links":{"self":[{"href":"https:\/\/csanamlux.be\/index.php\/wp-json\/wp\/v2\/pages\/1164","targetHints":{"allow":["GET"]}}],"collection":[{"href":"https:\/\/csanamlux.be\/index.php\/wp-json\/wp\/v2\/pages"}],"about":[{"href":"https:\/\/csanamlux.be\/index.php\/wp-json\/wp\/v2\/types\/page"}],"author":[{"embeddable":true,"href":"https:\/\/csanamlux.be\/index.php\/wp-json\/wp\/v2\/users\/1"}],"replies":[{"embeddable":true,"href":"https:\/\/csanamlux.be\/index.php\/wp-json\/wp\/v2\/comments?post=1164"}],"version-history":[{"count":76,"href":"https:\/\/csanamlux.be\/index.php\/wp-json\/wp\/v2\/pages\/1164\/revisions"}],"predecessor-version":[{"id":1722,"href":"https:\/\/csanamlux.be\/index.php\/wp-json\/wp\/v2\/pages\/1164\/revisions\/1722"}],"wp:attachment":[{"href":"https:\/\/csanamlux.be\/index.php\/wp-json\/wp\/v2\/media?parent=1164"}],"curies":[{"name":"wp","href":"https:\/\/api.w.org\/{rel}","templated":true}]}}