{"id":1085,"date":"2024-09-16T16:43:49","date_gmt":"2024-09-16T14:43:49","guid":{"rendered":"https:\/\/csanamlux.be\/?page_id=1085"},"modified":"2024-09-23T11:40:01","modified_gmt":"2024-09-23T09:40:01","slug":"profil-du-delegue-peca-2","status":"publish","type":"page","link":"https:\/\/csanamlux.be\/index.php\/profil-du-delegue-peca-2\/","title":{"rendered":"Exemples de projets PECA"},"content":{"rendered":"\t\t<div data-elementor-type=\"wp-page\" data-elementor-id=\"1085\" class=\"elementor elementor-1085\">\n\t\t\t\t<div class=\"elementor-element elementor-element-6ab7782 e-grid e-con-full e-con e-parent\" data-id=\"6ab7782\" data-element_type=\"container\">\n\t\t\t\t<div class=\"elementor-element elementor-element-f4ee5c7 elementor-widget elementor-widget-image\" data-id=\"f4ee5c7\" data-element_type=\"widget\" data-widget_type=\"image.default\">\n\t\t\t\t<div class=\"elementor-widget-container\">\n\t\t\t\t\t\t\t\t\t\t\t\t<figure class=\"wp-caption\">\n\t\t\t\t\t\t\t\t\t\t\t<a href=\"https:\/\/www.youtube.com\/watch?v=E0nkk7ksJXo\" target=\"_blank\" rel=\"nofollow\">\n\t\t\t\t\t\t\t<img fetchpriority=\"high\" decoding=\"async\" width=\"941\" height=\"441\" src=\"https:\/\/csanamlux.be\/wp-content\/uploads\/2024\/09\/Capture-decran-2024-09-16-165121-1024x480.png\" class=\"attachment-large size-large wp-image-1097\" alt=\"\" srcset=\"https:\/\/csanamlux.be\/wp-content\/uploads\/2024\/09\/Capture-decran-2024-09-16-165121-1024x480.png 1024w, https:\/\/csanamlux.be\/wp-content\/uploads\/2024\/09\/Capture-decran-2024-09-16-165121-300x141.png 300w, https:\/\/csanamlux.be\/wp-content\/uploads\/2024\/09\/Capture-decran-2024-09-16-165121-768x360.png 768w, https:\/\/csanamlux.be\/wp-content\/uploads\/2024\/09\/Capture-decran-2024-09-16-165121-100x47.png 100w, https:\/\/csanamlux.be\/wp-content\/uploads\/2024\/09\/Capture-decran-2024-09-16-165121-150x70.png 150w, https:\/\/csanamlux.be\/wp-content\/uploads\/2024\/09\/Capture-decran-2024-09-16-165121-200x94.png 200w, https:\/\/csanamlux.be\/wp-content\/uploads\/2024\/09\/Capture-decran-2024-09-16-165121-450x211.png 450w, https:\/\/csanamlux.be\/wp-content\/uploads\/2024\/09\/Capture-decran-2024-09-16-165121-600x282.png 600w, https:\/\/csanamlux.be\/wp-content\/uploads\/2024\/09\/Capture-decran-2024-09-16-165121-900x422.png 900w, https:\/\/csanamlux.be\/wp-content\/uploads\/2024\/09\/Capture-decran-2024-09-16-165121.png 1119w\" sizes=\"(max-width: 941px) 100vw, 941px\" \/>\t\t\t\t\t\t\t\t<\/a>\n\t\t\t\t\t\t\t\t\t\t\t<figcaption class=\"widget-image-caption wp-caption-text\">Formation musicale \u00e0 l'IMEP (Namur)<\/figcaption>\n\t\t\t\t\t\t\t\t\t\t<\/figure>\n\t\t\t\t\t\t\t\t\t<\/div>\n\t\t\t\t<\/div>\n\t\t\t\t<div class=\"elementor-element elementor-element-5e6d4bc elementor-widget elementor-widget-image\" data-id=\"5e6d4bc\" data-element_type=\"widget\" data-widget_type=\"image.default\">\n\t\t\t\t<div class=\"elementor-widget-container\">\n\t\t\t\t\t\t\t\t\t\t\t\t<figure class=\"wp-caption\">\n\t\t\t\t\t\t\t\t\t\t\t<a href=\"https:\/\/www.youtube.com\/watch?v=tb_UOM61vCU&#038;t=12s\" target=\"_blank\" rel=\"nofollow\">\n\t\t\t\t\t\t\t<img decoding=\"async\" width=\"941\" height=\"478\" src=\"https:\/\/csanamlux.be\/wp-content\/uploads\/2024\/09\/Capture-decran-2024-09-16-165521-1024x520.png\" class=\"attachment-large size-large wp-image-1107\" alt=\"\" srcset=\"https:\/\/csanamlux.be\/wp-content\/uploads\/2024\/09\/Capture-decran-2024-09-16-165521-1024x520.png 1024w, https:\/\/csanamlux.be\/wp-content\/uploads\/2024\/09\/Capture-decran-2024-09-16-165521-300x152.png 300w, https:\/\/csanamlux.be\/wp-content\/uploads\/2024\/09\/Capture-decran-2024-09-16-165521-768x390.png 768w, https:\/\/csanamlux.be\/wp-content\/uploads\/2024\/09\/Capture-decran-2024-09-16-165521-100x51.png 100w, https:\/\/csanamlux.be\/wp-content\/uploads\/2024\/09\/Capture-decran-2024-09-16-165521-150x76.png 150w, https:\/\/csanamlux.be\/wp-content\/uploads\/2024\/09\/Capture-decran-2024-09-16-165521-200x102.png 200w, https:\/\/csanamlux.be\/wp-content\/uploads\/2024\/09\/Capture-decran-2024-09-16-165521-450x228.png 450w, https:\/\/csanamlux.be\/wp-content\/uploads\/2024\/09\/Capture-decran-2024-09-16-165521-600x305.png 600w, https:\/\/csanamlux.be\/wp-content\/uploads\/2024\/09\/Capture-decran-2024-09-16-165521-900x457.png 900w, https:\/\/csanamlux.be\/wp-content\/uploads\/2024\/09\/Capture-decran-2024-09-16-165521.png 1133w\" sizes=\"(max-width: 941px) 100vw, 941px\" \/>\t\t\t\t\t\t\t\t<\/a>\n\t\t\t\t\t\t\t\t\t\t\t<figcaption class=\"widget-image-caption wp-caption-text\">\u00ab Auteur en classe : rencontre avec Maud Roegiers \u00bb \u00e0 Biesme<\/figcaption>\n\t\t\t\t\t\t\t\t\t\t<\/figure>\n\t\t\t\t\t\t\t\t\t<\/div>\n\t\t\t\t<\/div>\n\t\t\t\t<div class=\"elementor-element elementor-element-81674f5 elementor-widget elementor-widget-image\" data-id=\"81674f5\" data-element_type=\"widget\" data-widget_type=\"image.default\">\n\t\t\t\t<div class=\"elementor-widget-container\">\n\t\t\t\t\t\t\t\t\t\t\t\t<figure class=\"wp-caption\">\n\t\t\t\t\t\t\t\t\t\t\t<a href=\"https:\/\/www.youtube.com\/watch?v=m8GXRhfCZLE\" target=\"_blank\" rel=\"nofollow\">\n\t\t\t\t\t\t\t<img decoding=\"async\" width=\"941\" height=\"470\" src=\"https:\/\/csanamlux.be\/wp-content\/uploads\/2024\/09\/Capture-decran-2024-09-16-171239-1024x511.png\" class=\"attachment-large size-large wp-image-1129\" alt=\"\" srcset=\"https:\/\/csanamlux.be\/wp-content\/uploads\/2024\/09\/Capture-decran-2024-09-16-171239-1024x511.png 1024w, https:\/\/csanamlux.be\/wp-content\/uploads\/2024\/09\/Capture-decran-2024-09-16-171239-300x150.png 300w, https:\/\/csanamlux.be\/wp-content\/uploads\/2024\/09\/Capture-decran-2024-09-16-171239-768x383.png 768w, https:\/\/csanamlux.be\/wp-content\/uploads\/2024\/09\/Capture-decran-2024-09-16-171239-100x50.png 100w, https:\/\/csanamlux.be\/wp-content\/uploads\/2024\/09\/Capture-decran-2024-09-16-171239-150x75.png 150w, https:\/\/csanamlux.be\/wp-content\/uploads\/2024\/09\/Capture-decran-2024-09-16-171239-200x100.png 200w, https:\/\/csanamlux.be\/wp-content\/uploads\/2024\/09\/Capture-decran-2024-09-16-171239-450x224.png 450w, https:\/\/csanamlux.be\/wp-content\/uploads\/2024\/09\/Capture-decran-2024-09-16-171239-600x299.png 600w, https:\/\/csanamlux.be\/wp-content\/uploads\/2024\/09\/Capture-decran-2024-09-16-171239-900x449.png 900w, https:\/\/csanamlux.be\/wp-content\/uploads\/2024\/09\/Capture-decran-2024-09-16-171239.png 1139w\" sizes=\"(max-width: 941px) 100vw, 941px\" \/>\t\t\t\t\t\t\t\t<\/a>\n\t\t\t\t\t\t\t\t\t\t\t<figcaption class=\"widget-image-caption wp-caption-text\">\u00ab Adoptons un monument \u00bb \u00e0 Spy<\/figcaption>\n\t\t\t\t\t\t\t\t\t\t<\/figure>\n\t\t\t\t\t\t\t\t\t<\/div>\n\t\t\t\t<\/div>\n\t\t\t\t<div class=\"elementor-element elementor-element-f903f92 elementor-widget elementor-widget-image\" data-id=\"f903f92\" data-element_type=\"widget\" data-widget_type=\"image.default\">\n\t\t\t\t<div class=\"elementor-widget-container\">\n\t\t\t\t\t\t\t\t\t\t\t\t<figure class=\"wp-caption\">\n\t\t\t\t\t\t\t\t\t\t\t<a href=\"https:\/\/www.youtube.com\/watch?v=oWrkeDuAftk\" target=\"_blank\" rel=\"nofollow\">\n\t\t\t\t\t\t\t<img loading=\"lazy\" decoding=\"async\" width=\"941\" height=\"500\" src=\"https:\/\/csanamlux.be\/wp-content\/uploads\/2024\/09\/Capture-decran-2024-09-16-171639-1024x544.png\" class=\"attachment-large size-large wp-image-1133\" alt=\"\" srcset=\"https:\/\/csanamlux.be\/wp-content\/uploads\/2024\/09\/Capture-decran-2024-09-16-171639-1024x544.png 1024w, https:\/\/csanamlux.be\/wp-content\/uploads\/2024\/09\/Capture-decran-2024-09-16-171639-300x159.png 300w, https:\/\/csanamlux.be\/wp-content\/uploads\/2024\/09\/Capture-decran-2024-09-16-171639-768x408.png 768w, https:\/\/csanamlux.be\/wp-content\/uploads\/2024\/09\/Capture-decran-2024-09-16-171639-100x53.png 100w, https:\/\/csanamlux.be\/wp-content\/uploads\/2024\/09\/Capture-decran-2024-09-16-171639-150x80.png 150w, https:\/\/csanamlux.be\/wp-content\/uploads\/2024\/09\/Capture-decran-2024-09-16-171639-200x106.png 200w, https:\/\/csanamlux.be\/wp-content\/uploads\/2024\/09\/Capture-decran-2024-09-16-171639-450x239.png 450w, https:\/\/csanamlux.be\/wp-content\/uploads\/2024\/09\/Capture-decran-2024-09-16-171639-600x319.png 600w, https:\/\/csanamlux.be\/wp-content\/uploads\/2024\/09\/Capture-decran-2024-09-16-171639-900x478.png 900w, https:\/\/csanamlux.be\/wp-content\/uploads\/2024\/09\/Capture-decran-2024-09-16-171639.png 1098w\" sizes=\"(max-width: 941px) 100vw, 941px\" \/>\t\t\t\t\t\t\t\t<\/a>\n\t\t\t\t\t\t\t\t\t\t\t<figcaption class=\"widget-image-caption wp-caption-text\">\u00ab R\u00e9sultats \u00bb \u00e0 Sainte-Ursule Namur<\/figcaption>\n\t\t\t\t\t\t\t\t\t\t<\/figure>\n\t\t\t\t\t\t\t\t\t<\/div>\n\t\t\t\t<\/div>\n\t\t\t\t<div class=\"elementor-element elementor-element-b7753f0 elementor-widget elementor-widget-image\" data-id=\"b7753f0\" data-element_type=\"widget\" data-widget_type=\"image.default\">\n\t\t\t\t<div class=\"elementor-widget-container\">\n\t\t\t\t\t\t\t\t\t\t\t\t<figure class=\"wp-caption\">\n\t\t\t\t\t\t\t\t\t\t\t<a href=\"https:\/\/www.youtube.com\/watch?v=uMzBfySNvU8&#038;t=17s\" target=\"_blank\" rel=\"nofollow\">\n\t\t\t\t\t\t\t<img loading=\"lazy\" decoding=\"async\" width=\"941\" height=\"473\" src=\"https:\/\/csanamlux.be\/wp-content\/uploads\/2024\/09\/Capture-decran-2024-09-16-172134-1024x515.png\" class=\"attachment-large size-large wp-image-1148\" alt=\"\" srcset=\"https:\/\/csanamlux.be\/wp-content\/uploads\/2024\/09\/Capture-decran-2024-09-16-172134-1024x515.png 1024w, https:\/\/csanamlux.be\/wp-content\/uploads\/2024\/09\/Capture-decran-2024-09-16-172134-300x151.png 300w, https:\/\/csanamlux.be\/wp-content\/uploads\/2024\/09\/Capture-decran-2024-09-16-172134-768x386.png 768w, https:\/\/csanamlux.be\/wp-content\/uploads\/2024\/09\/Capture-decran-2024-09-16-172134-100x50.png 100w, https:\/\/csanamlux.be\/wp-content\/uploads\/2024\/09\/Capture-decran-2024-09-16-172134-150x75.png 150w, https:\/\/csanamlux.be\/wp-content\/uploads\/2024\/09\/Capture-decran-2024-09-16-172134-200x101.png 200w, https:\/\/csanamlux.be\/wp-content\/uploads\/2024\/09\/Capture-decran-2024-09-16-172134-450x226.png 450w, https:\/\/csanamlux.be\/wp-content\/uploads\/2024\/09\/Capture-decran-2024-09-16-172134-600x302.png 600w, https:\/\/csanamlux.be\/wp-content\/uploads\/2024\/09\/Capture-decran-2024-09-16-172134-900x452.png 900w, https:\/\/csanamlux.be\/wp-content\/uploads\/2024\/09\/Capture-decran-2024-09-16-172134.png 1140w\" sizes=\"(max-width: 941px) 100vw, 941px\" \/>\t\t\t\t\t\t\t\t<\/a>\n\t\t\t\t\t\t\t\t\t\t\t<figcaption class=\"widget-image-caption wp-caption-text\">\u00ab Haltinne, le village disparu \u00bb avec l\u2019\u00e9cole de Bois-de-Villers<\/figcaption>\n\t\t\t\t\t\t\t\t\t\t<\/figure>\n\t\t\t\t\t\t\t\t\t<\/div>\n\t\t\t\t<\/div>\n\t\t\t\t<div class=\"elementor-element elementor-element-a056d06 elementor-widget elementor-widget-image\" data-id=\"a056d06\" data-element_type=\"widget\" data-widget_type=\"image.default\">\n\t\t\t\t<div class=\"elementor-widget-container\">\n\t\t\t\t\t\t\t\t\t\t\t\t<figure class=\"wp-caption\">\n\t\t\t\t\t\t\t\t\t\t\t<a href=\"https:\/\/www.youtube.com\/watch?v=PCtdbKVv-ww\" target=\"_blank\" rel=\"nofollow\">\n\t\t\t\t\t\t\t<img loading=\"lazy\" decoding=\"async\" width=\"941\" height=\"472\" src=\"https:\/\/csanamlux.be\/wp-content\/uploads\/2024\/09\/Capture-decran-2024-09-16-172310-1024x514.png\" class=\"attachment-large size-large wp-image-1152\" alt=\"\" srcset=\"https:\/\/csanamlux.be\/wp-content\/uploads\/2024\/09\/Capture-decran-2024-09-16-172310-1024x514.png 1024w, https:\/\/csanamlux.be\/wp-content\/uploads\/2024\/09\/Capture-decran-2024-09-16-172310-300x151.png 300w, https:\/\/csanamlux.be\/wp-content\/uploads\/2024\/09\/Capture-decran-2024-09-16-172310-768x386.png 768w, https:\/\/csanamlux.be\/wp-content\/uploads\/2024\/09\/Capture-decran-2024-09-16-172310-100x50.png 100w, https:\/\/csanamlux.be\/wp-content\/uploads\/2024\/09\/Capture-decran-2024-09-16-172310-150x75.png 150w, https:\/\/csanamlux.be\/wp-content\/uploads\/2024\/09\/Capture-decran-2024-09-16-172310-200x100.png 200w, https:\/\/csanamlux.be\/wp-content\/uploads\/2024\/09\/Capture-decran-2024-09-16-172310-450x226.png 450w, https:\/\/csanamlux.be\/wp-content\/uploads\/2024\/09\/Capture-decran-2024-09-16-172310-600x301.png 600w, https:\/\/csanamlux.be\/wp-content\/uploads\/2024\/09\/Capture-decran-2024-09-16-172310-900x452.png 900w, https:\/\/csanamlux.be\/wp-content\/uploads\/2024\/09\/Capture-decran-2024-09-16-172310.png 1137w\" sizes=\"(max-width: 941px) 100vw, 941px\" \/>\t\t\t\t\t\t\t\t<\/a>\n\t\t\t\t\t\t\t\t\t\t\t<figcaption class=\"widget-image-caption wp-caption-text\">\u00ab Riche d\u2019amiti\u00e9 \u00bb (composition d\u2019une chanson avec Andr\u00e9 Borb\u00e9) \u00e0 Libramont<\/figcaption>\n\t\t\t\t\t\t\t\t\t\t<\/figure>\n\t\t\t\t\t\t\t\t\t<\/div>\n\t\t\t\t<\/div>\n\t\t\t\t<div class=\"elementor-element elementor-element-31a6d8c elementor-widget elementor-widget-image\" data-id=\"31a6d8c\" data-element_type=\"widget\" data-widget_type=\"image.default\">\n\t\t\t\t<div class=\"elementor-widget-container\">\n\t\t\t\t\t\t\t\t\t\t\t\t<figure class=\"wp-caption\">\n\t\t\t\t\t\t\t\t\t\t\t<a href=\"https:\/\/www.youtube.com\/watch?v=_xgknJSWIwM&#038;t=199s\" target=\"_blank\" rel=\"nofollow\">\n\t\t\t\t\t\t\t<img loading=\"lazy\" decoding=\"async\" width=\"941\" height=\"448\" src=\"https:\/\/csanamlux.be\/wp-content\/uploads\/2024\/09\/Capture-decran-2024-09-16-172644-1024x487.png\" class=\"attachment-large size-large wp-image-1157\" alt=\"\" srcset=\"https:\/\/csanamlux.be\/wp-content\/uploads\/2024\/09\/Capture-decran-2024-09-16-172644-1024x487.png 1024w, https:\/\/csanamlux.be\/wp-content\/uploads\/2024\/09\/Capture-decran-2024-09-16-172644-300x143.png 300w, https:\/\/csanamlux.be\/wp-content\/uploads\/2024\/09\/Capture-decran-2024-09-16-172644-768x365.png 768w, https:\/\/csanamlux.be\/wp-content\/uploads\/2024\/09\/Capture-decran-2024-09-16-172644-100x48.png 100w, https:\/\/csanamlux.be\/wp-content\/uploads\/2024\/09\/Capture-decran-2024-09-16-172644-150x71.png 150w, https:\/\/csanamlux.be\/wp-content\/uploads\/2024\/09\/Capture-decran-2024-09-16-172644-200x95.png 200w, https:\/\/csanamlux.be\/wp-content\/uploads\/2024\/09\/Capture-decran-2024-09-16-172644-450x214.png 450w, https:\/\/csanamlux.be\/wp-content\/uploads\/2024\/09\/Capture-decran-2024-09-16-172644-600x285.png 600w, https:\/\/csanamlux.be\/wp-content\/uploads\/2024\/09\/Capture-decran-2024-09-16-172644-900x428.png 900w, https:\/\/csanamlux.be\/wp-content\/uploads\/2024\/09\/Capture-decran-2024-09-16-172644.png 1131w\" sizes=\"(max-width: 941px) 100vw, 941px\" \/>\t\t\t\t\t\t\t\t<\/a>\n\t\t\t\t\t\t\t\t\t\t\t<figcaption class=\"widget-image-caption wp-caption-text\">\u00ab A partir du Grand man\u00e8ge de Namur \u00bb avec l\u2019\u00e9cole de Morialm\u00e9<\/figcaption>\n\t\t\t\t\t\t\t\t\t\t<\/figure>\n\t\t\t\t\t\t\t\t\t<\/div>\n\t\t\t\t<\/div>\n\t\t\t\t<\/div>\n\t\t\t\t<\/div>\n\t\t","protected":false},"excerpt":{"rendered":"<p>Formation musicale \u00e0 l&rsquo;IMEP (Namur) \u00ab Auteur en classe : rencontre avec Maud Roegiers \u00bb \u00e0 Biesme \u00ab Adoptons un monument \u00bb \u00e0 Spy \u00ab R\u00e9sultats \u00bb \u00e0 Sainte-Ursule Namur \u00ab Haltinne, le village disparu \u00bb avec l\u2019\u00e9cole de Bois-de-Villers &hellip;<\/p>\n<p class=\"read-more\"> <a class=\"more-link\" href=\"https:\/\/csanamlux.be\/index.php\/profil-du-delegue-peca-2\/\"> <span class=\"screen-reader-text\">Exemples de projets PECA<\/span> Read More &raquo;<\/a><\/p>\n","protected":false},"author":1,"featured_media":0,"parent":0,"menu_order":0,"comment_status":"closed","ping_status":"closed","template":"elementor_header_footer","meta":{"footnotes":""},"class_list":["post-1085","page","type-page","status-publish","hentry"],"featured_image_src":"","featured_image_src_square":false,"rbea_author_info":{"display_name":"admin3534","author_link":"https:\/\/csanamlux.be\/index.php\/author\/admin3534\/"},"rbea_excerpt_info":"Formation musicale \u00e0 l&rsquo;IMEP (Namur) \u00ab Auteur en classe : rencontre avec Maud Roegiers \u00bb \u00e0 Biesme \u00ab Adoptons un monument \u00bb \u00e0 Spy \u00ab R\u00e9sultats \u00bb \u00e0 Sainte-Ursule Namur \u00ab Haltinne, le village disparu \u00bb avec l\u2019\u00e9cole de Bois-de-Villers &hellip;<p class=\"read-more\"> <a class=\"more-link\" href=\"https:\/\/csanamlux.be\/index.php\/profil-du-delegue-peca-2\/\"> <span class=\"screen-reader-text\">Exemples de projets PECA<\/span> Read More &raquo;<\/a><\/p>","_links":{"self":[{"href":"https:\/\/csanamlux.be\/index.php\/wp-json\/wp\/v2\/pages\/1085","targetHints":{"allow":["GET"]}}],"collection":[{"href":"https:\/\/csanamlux.be\/index.php\/wp-json\/wp\/v2\/pages"}],"about":[{"href":"https:\/\/csanamlux.be\/index.php\/wp-json\/wp\/v2\/types\/page"}],"author":[{"embeddable":true,"href":"https:\/\/csanamlux.be\/index.php\/wp-json\/wp\/v2\/users\/1"}],"replies":[{"embeddable":true,"href":"https:\/\/csanamlux.be\/index.php\/wp-json\/wp\/v2\/comments?post=1085"}],"version-history":[{"count":46,"href":"https:\/\/csanamlux.be\/index.php\/wp-json\/wp\/v2\/pages\/1085\/revisions"}],"predecessor-version":[{"id":1163,"href":"https:\/\/csanamlux.be\/index.php\/wp-json\/wp\/v2\/pages\/1085\/revisions\/1163"}],"wp:attachment":[{"href":"https:\/\/csanamlux.be\/index.php\/wp-json\/wp\/v2\/media?parent=1085"}],"curies":[{"name":"wp","href":"https:\/\/api.w.org\/{rel}","templated":true}]}}