{"id":1074,"date":"2024-09-16T16:37:27","date_gmt":"2024-09-16T14:37:27","guid":{"rendered":"https:\/\/csanamlux.be\/?page_id=1074"},"modified":"2024-09-23T11:38:07","modified_gmt":"2024-09-23T09:38:07","slug":"profil-du-delegue-peca","status":"publish","type":"page","link":"https:\/\/csanamlux.be\/index.php\/profil-du-delegue-peca\/","title":{"rendered":"Profil du d\u00e9l\u00e9gu\u00e9 PECA"},"content":{"rendered":"\t\t<div data-elementor-type=\"wp-page\" data-elementor-id=\"1074\" class=\"elementor elementor-1074\">\n\t\t\t\t<div class=\"elementor-element elementor-element-e697f8c e-flex e-con-boxed e-con e-parent\" data-id=\"e697f8c\" data-element_type=\"container\">\n\t\t\t\t\t<div class=\"e-con-inner\">\n\t\t\t\t<div class=\"elementor-element elementor-element-1c05c2b elementor-widget elementor-widget-text-editor\" data-id=\"1c05c2b\" data-element_type=\"widget\" data-widget_type=\"text-editor.default\">\n\t\t\t\t<div class=\"elementor-widget-container\">\n\t\t\t\t\t\t\t\t\t<h3><span style=\"text-decoration: underline;\"><strong>D\u00e9finition de la fonction de d\u00e9l\u00e9gu\u00e9 PECA<\/strong>\u00a0<\/span><\/h3><h4>Le d\u00e9l\u00e9gu\u00e9 PECA<sup>1<\/sup> est l&rsquo;interlocuteur privil\u00e9gi\u00e9 du chef d&rsquo;\u00e9tablissement et des enseignants pour les activit\u00e9s culturelles et artistiques relevant du PECA dans l\u2019\u00e9cole.\u00a0<\/h4><h3><span style=\"text-decoration: underline;\"><strong>Missions<\/strong>\u00a0<\/span><\/h3><h4>En collaboration avec la direction, au sein de l\u2019\u00e9quipe \u00e9ducative, le d\u00e9l\u00e9gu\u00e9 PECA peut impulser, soutenir, stimuler, promouvoir et valoriser les activit\u00e9s culturelles et artistiques.\u00a0<\/h4><h4>Le d\u00e9l\u00e9gu\u00e9 PECA r\u00e9percute dans l\u2019\u00e9cole des informations concernant l\u2019offre culturelle, en collaboration avec d\u2019autres acteurs du PECA (r\u00e9f\u00e9rents culturels, op\u00e9rateurs, r\u00e9f\u00e9rents scolaires\u2026)\u00a0<\/h4><h4>Le d\u00e9l\u00e9gu\u00e9 PECA peut relayer des demandes \u00e9manant de son \u00e9cole vers le monde culturel, avec l\u2019aide \u00e9ventuelle des CSA PECA (r\u00e9f\u00e9rents culturels).\u00a0\u00a0<\/h4><h4>Le d\u00e9l\u00e9gu\u00e9 PECA rend compte des demandes, des besoins, des actions envisag\u00e9es ou r\u00e9alis\u00e9es \u00e0 la direction de l\u2019\u00e9cole, les d\u00e9cisions \u00e9tant prises avec l\u2019aval de la direction.\u00a0<\/h4><h4>Le d\u00e9l\u00e9gu\u00e9 PECA peut \u00eatre consult\u00e9 \u00e0 propos de l\u2019int\u00e9gration du PECA dans le contrat d\u2019objectifs et au sein de l\u2019\u00e9cole.\u00a0<\/h4><h3><span style=\"text-decoration: underline;\"><strong>Mission compl\u00e9mentaire optionnelle<\/strong><strong>\u202f<\/strong><strong>:<\/strong>\u00a0<\/span><\/h3><h4>Un d\u00e9l\u00e9gu\u00e9 PECA par niveau d\u2019enseignement et par zone est mandat\u00e9 par le r\u00e9seau, sur base volontaire, pour participer \u00e0 la plateforme territoriale (endroit de concertation r\u00e9gulier avec les op\u00e9rateurs culturels de la zone). Les autres d\u00e9l\u00e9gu\u00e9s PECA y sont les bienvenus dans la mesure de leurs souhaits et disponibilit\u00e9s.\u00a0<\/h4>\t\t\t\t\t\t\t\t<\/div>\n\t\t\t\t<\/div>\n\t\t\t\t<div class=\"elementor-element elementor-element-711abec elementor-widget elementor-widget-image\" data-id=\"711abec\" data-element_type=\"widget\" data-widget_type=\"image.default\">\n\t\t\t\t<div class=\"elementor-widget-container\">\n\t\t\t\t\t\t\t\t\t\t\t\t\t\t\t<img fetchpriority=\"high\" decoding=\"async\" width=\"941\" height=\"671\" src=\"https:\/\/csanamlux.be\/wp-content\/uploads\/2024\/09\/valve_delegue_peca_Plan-de-travail-1-1024x730.jpg\" class=\"attachment-large size-large wp-image-1079\" alt=\"\" srcset=\"https:\/\/csanamlux.be\/wp-content\/uploads\/2024\/09\/valve_delegue_peca_Plan-de-travail-1-1024x730.jpg 1024w, https:\/\/csanamlux.be\/wp-content\/uploads\/2024\/09\/valve_delegue_peca_Plan-de-travail-1-300x214.jpg 300w, https:\/\/csanamlux.be\/wp-content\/uploads\/2024\/09\/valve_delegue_peca_Plan-de-travail-1-768x547.jpg 768w, https:\/\/csanamlux.be\/wp-content\/uploads\/2024\/09\/valve_delegue_peca_Plan-de-travail-1-1536x1095.jpg 1536w, https:\/\/csanamlux.be\/wp-content\/uploads\/2024\/09\/valve_delegue_peca_Plan-de-travail-1-2048x1460.jpg 2048w, https:\/\/csanamlux.be\/wp-content\/uploads\/2024\/09\/valve_delegue_peca_Plan-de-travail-1-100x71.jpg 100w, https:\/\/csanamlux.be\/wp-content\/uploads\/2024\/09\/valve_delegue_peca_Plan-de-travail-1-150x107.jpg 150w, https:\/\/csanamlux.be\/wp-content\/uploads\/2024\/09\/valve_delegue_peca_Plan-de-travail-1-200x143.jpg 200w, https:\/\/csanamlux.be\/wp-content\/uploads\/2024\/09\/valve_delegue_peca_Plan-de-travail-1-450x321.jpg 450w, https:\/\/csanamlux.be\/wp-content\/uploads\/2024\/09\/valve_delegue_peca_Plan-de-travail-1-600x428.jpg 600w, https:\/\/csanamlux.be\/wp-content\/uploads\/2024\/09\/valve_delegue_peca_Plan-de-travail-1-900x641.jpg 900w\" sizes=\"(max-width: 941px) 100vw, 941px\" \/>\t\t\t\t\t\t\t\t\t\t\t\t\t\t\t<\/div>\n\t\t\t\t<\/div>\n\t\t\t\t<div class=\"elementor-element elementor-element-5d42790 elementor-widget elementor-widget-image\" data-id=\"5d42790\" data-element_type=\"widget\" data-widget_type=\"image.default\">\n\t\t\t\t<div class=\"elementor-widget-container\">\n\t\t\t\t\t\t\t\t\t\t\t\t\t\t\t<img decoding=\"async\" width=\"941\" height=\"671\" src=\"https:\/\/csanamlux.be\/wp-content\/uploads\/2024\/09\/valve_delegue_peca-02-3-1024x730.jpg\" class=\"attachment-large size-large wp-image-1080\" alt=\"\" srcset=\"https:\/\/csanamlux.be\/wp-content\/uploads\/2024\/09\/valve_delegue_peca-02-3-1024x730.jpg 1024w, https:\/\/csanamlux.be\/wp-content\/uploads\/2024\/09\/valve_delegue_peca-02-3-300x214.jpg 300w, https:\/\/csanamlux.be\/wp-content\/uploads\/2024\/09\/valve_delegue_peca-02-3-768x547.jpg 768w, https:\/\/csanamlux.be\/wp-content\/uploads\/2024\/09\/valve_delegue_peca-02-3-1536x1095.jpg 1536w, https:\/\/csanamlux.be\/wp-content\/uploads\/2024\/09\/valve_delegue_peca-02-3-2048x1460.jpg 2048w, https:\/\/csanamlux.be\/wp-content\/uploads\/2024\/09\/valve_delegue_peca-02-3-100x71.jpg 100w, https:\/\/csanamlux.be\/wp-content\/uploads\/2024\/09\/valve_delegue_peca-02-3-150x107.jpg 150w, https:\/\/csanamlux.be\/wp-content\/uploads\/2024\/09\/valve_delegue_peca-02-3-200x143.jpg 200w, https:\/\/csanamlux.be\/wp-content\/uploads\/2024\/09\/valve_delegue_peca-02-3-450x321.jpg 450w, https:\/\/csanamlux.be\/wp-content\/uploads\/2024\/09\/valve_delegue_peca-02-3-600x428.jpg 600w, https:\/\/csanamlux.be\/wp-content\/uploads\/2024\/09\/valve_delegue_peca-02-3-900x641.jpg 900w\" sizes=\"(max-width: 941px) 100vw, 941px\" \/>\t\t\t\t\t\t\t\t\t\t\t\t\t\t\t<\/div>\n\t\t\t\t<\/div>\n\t\t\t\t\t<\/div>\n\t\t\t\t<\/div>\n\t\t\t\t<\/div>\n\t\t","protected":false},"excerpt":{"rendered":"<p>D\u00e9finition de la fonction de d\u00e9l\u00e9gu\u00e9 PECA\u00a0 Le d\u00e9l\u00e9gu\u00e9 PECA1 est l&rsquo;interlocuteur privil\u00e9gi\u00e9 du chef d&rsquo;\u00e9tablissement et des enseignants pour les activit\u00e9s culturelles et artistiques relevant du PECA dans l\u2019\u00e9cole.\u00a0 Missions\u00a0 En collaboration avec la direction, au sein de l\u2019\u00e9quipe &hellip;<\/p>\n<p class=\"read-more\"> <a class=\"more-link\" href=\"https:\/\/csanamlux.be\/index.php\/profil-du-delegue-peca\/\"> <span class=\"screen-reader-text\">Profil du d\u00e9l\u00e9gu\u00e9 PECA<\/span> Read More &raquo;<\/a><\/p>\n","protected":false},"author":1,"featured_media":0,"parent":0,"menu_order":0,"comment_status":"closed","ping_status":"closed","template":"elementor_header_footer","meta":{"footnotes":""},"class_list":["post-1074","page","type-page","status-publish","hentry"],"featured_image_src":"","featured_image_src_square":false,"rbea_author_info":{"display_name":"admin3534","author_link":"https:\/\/csanamlux.be\/index.php\/author\/admin3534\/"},"rbea_excerpt_info":"D\u00e9finition de la fonction de d\u00e9l\u00e9gu\u00e9 PECA\u00a0 Le d\u00e9l\u00e9gu\u00e9 PECA1 est l&rsquo;interlocuteur privil\u00e9gi\u00e9 du chef d&rsquo;\u00e9tablissement et des enseignants pour les activit\u00e9s culturelles et artistiques relevant du PECA dans l\u2019\u00e9cole.\u00a0 Missions\u00a0 En collaboration avec la direction, au sein de l\u2019\u00e9quipe &hellip;<p class=\"read-more\"> <a class=\"more-link\" href=\"https:\/\/csanamlux.be\/index.php\/profil-du-delegue-peca\/\"> <span class=\"screen-reader-text\">Profil du d\u00e9l\u00e9gu\u00e9 PECA<\/span> Read More &raquo;<\/a><\/p>","_links":{"self":[{"href":"https:\/\/csanamlux.be\/index.php\/wp-json\/wp\/v2\/pages\/1074","targetHints":{"allow":["GET"]}}],"collection":[{"href":"https:\/\/csanamlux.be\/index.php\/wp-json\/wp\/v2\/pages"}],"about":[{"href":"https:\/\/csanamlux.be\/index.php\/wp-json\/wp\/v2\/types\/page"}],"author":[{"embeddable":true,"href":"https:\/\/csanamlux.be\/index.php\/wp-json\/wp\/v2\/users\/1"}],"replies":[{"embeddable":true,"href":"https:\/\/csanamlux.be\/index.php\/wp-json\/wp\/v2\/comments?post=1074"}],"version-history":[{"count":7,"href":"https:\/\/csanamlux.be\/index.php\/wp-json\/wp\/v2\/pages\/1074\/revisions"}],"predecessor-version":[{"id":1083,"href":"https:\/\/csanamlux.be\/index.php\/wp-json\/wp\/v2\/pages\/1074\/revisions\/1083"}],"wp:attachment":[{"href":"https:\/\/csanamlux.be\/index.php\/wp-json\/wp\/v2\/media?parent=1074"}],"curies":[{"name":"wp","href":"https:\/\/api.w.org\/{rel}","templated":true}]}}