{"id":1064,"date":"2024-09-16T16:25:52","date_gmt":"2024-09-16T14:25:52","guid":{"rendered":"https:\/\/csanamlux.be\/?page_id=1064"},"modified":"2024-09-23T22:59:00","modified_gmt":"2024-09-23T20:59:00","slug":"peca-2","status":"publish","type":"page","link":"https:\/\/csanamlux.be\/index.php\/peca-2\/","title":{"rendered":"PECA Offre CSA"},"content":{"rendered":"\t\t<div data-elementor-type=\"wp-page\" data-elementor-id=\"1064\" class=\"elementor elementor-1064\">\n\t\t\t\t<div class=\"elementor-element elementor-element-e697f8c e-flex e-con-boxed e-con e-parent\" data-id=\"e697f8c\" data-element_type=\"container\">\n\t\t\t\t\t<div class=\"e-con-inner\">\n\t\t\t\t<div class=\"elementor-element elementor-element-1c05c2b elementor-widget elementor-widget-text-editor\" data-id=\"1c05c2b\" data-element_type=\"widget\" data-widget_type=\"text-editor.default\">\n\t\t\t\t<div class=\"elementor-widget-container\">\n\t\t\t\t\t\t\t\t\t<h2><span style=\"text-decoration: underline;\"><strong>Offre CSA<\/strong><\/span><\/h2>\n<h4><span style=\"text-decoration: underline;\"><strong>Pr\u00e9sentation du PECA&nbsp;:<\/strong><\/span><\/h4>\n<ul>\n<li>\n<h4>\u00e0 une direction<\/h4>\n<\/li>\n<li>\n<h4>\u00e0 un d\u00e9l\u00e9gu\u00e9 PECA<\/h4>\n<\/li>\n<li>\n<h4>\u00e0 l\u2019\u00e9quipe lors d\u2019une concertation p\u00e9dagogique<\/h4>\n<\/li>\n<\/ul>\n<h4>A votre meilleure convenance, une <strong>pr\u00e9sentation<\/strong> du PECA peut vous \u00eatre propos\u00e9e par votre r\u00e9f\u00e9rent culturel. Celle-ci peut \u00eatre <strong>individuelle<\/strong> (direction, d\u00e9l\u00e9gu\u00e9 PECA) et d\u2019une dur\u00e9e limit\u00e9e (30 minutes) ou <strong>collective <\/strong>(1 h \u00e0 2 h).<\/h4>\n<h4>Une pr\u00e9sentation collective peut se d\u00e9rouler lors d\u2019une concertation en \u00e9quipe p\u00e9dagogique. Elle n\u00e9cessite un espace dans lequel une projection peut \u00eatre organis\u00e9e car la pr\u00e9sentation s\u2019effectue \u00e0 l\u2019aide d\u2019un <strong>power point<\/strong> et diverses <strong>petites vid\u00e9os<\/strong> inspirantes tourn\u00e9es dans des \u00e9coles de notre dioc\u00e8se.<\/h4>\n<h4>Durant cette pr\u00e9sentation en \u00e9quipe, divers axes sont analys\u00e9s&nbsp;:<\/h4>\n<h4><span style=\"text-decoration: underline;\">Qu\u2019est-ce que le PECA&nbsp;?<\/span><\/h4>\n<ul>\n<li>\n<h4>Dans quel cadre s\u2019inscrit-il ? Liens avec le Pacte pour un enseignement d\u2019excellence, le Code de l\u2019enseignement, Missions de l\u2019\u00e9cole chr\u00e9tienne\u2026D\u00e9couverte du Parcours<\/h4>\n<\/li>\n<li>\n<h4>\u00c9claircissement : ECA \u2013 PECA<\/h4>\n<\/li>\n<li>\n<h4>Analyse du \u00ab d\u00e9j\u00e0-l\u00e0 \u00bb dans notre \u00e9cole ! Non, notre \u00e9cole ne part pas de rien\u2026 et de nombreuses activit\u00e9s culturelles et artistiques s\u2019y vivent depuis longtemps !<\/h4>\n<\/li>\n<li>\n<h4>Quels seraient nos projets et nos demandes ?<\/h4>\n<\/li>\n<li>\n<h4>Pr\u00e9sentation de divers bons plans, dispositifs gratuits mis en place par la F\u00e9d\u00e9ration. (\u00ab Auteurs en classe \u00bb, \u00ab Adoptons un monument \u00bb\u2026 ). D\u00e9couverte de la bo\u00eete \u00e0 outils culture.<\/h4>\n<\/li>\n<\/ul>\n<h4>La pr\u00e9sentation se vit sur une dur\u00e9e de 1 heure \u00e0 2 heures en fonction de la demande.<\/h4>\n<h4>Contacts&nbsp;: Thierry Gridlet, r\u00e9f\u00e9rent culturel PECA, <a href=\"mailto:thierry.gridlet@segec.be\">thierry.gridlet@segec.be<\/a> ou&nbsp;<span style=\"font-size: 16px; font-weight: bold; text-transform: inherit; text-align: var(--text-align);\">0478 42 84 33<\/span><\/h4>\t\t\t\t\t\t\t\t<\/div>\n\t\t\t\t<\/div>\n\t\t\t\t<div class=\"elementor-element elementor-element-711abec elementor-widget elementor-widget-image\" data-id=\"711abec\" data-element_type=\"widget\" data-widget_type=\"image.default\">\n\t\t\t\t<div class=\"elementor-widget-container\">\n\t\t\t\t\t\t\t\t\t\t\t\t\t\t\t<img fetchpriority=\"high\" decoding=\"async\" width=\"941\" height=\"671\" src=\"https:\/\/csanamlux.be\/wp-content\/uploads\/2024\/09\/valve_delegue_peca-02-3-1024x730.jpg\" class=\"attachment-large size-large wp-image-1080\" alt=\"\" srcset=\"https:\/\/csanamlux.be\/wp-content\/uploads\/2024\/09\/valve_delegue_peca-02-3-1024x730.jpg 1024w, https:\/\/csanamlux.be\/wp-content\/uploads\/2024\/09\/valve_delegue_peca-02-3-300x214.jpg 300w, https:\/\/csanamlux.be\/wp-content\/uploads\/2024\/09\/valve_delegue_peca-02-3-768x547.jpg 768w, https:\/\/csanamlux.be\/wp-content\/uploads\/2024\/09\/valve_delegue_peca-02-3-1536x1095.jpg 1536w, https:\/\/csanamlux.be\/wp-content\/uploads\/2024\/09\/valve_delegue_peca-02-3-2048x1460.jpg 2048w, https:\/\/csanamlux.be\/wp-content\/uploads\/2024\/09\/valve_delegue_peca-02-3-100x71.jpg 100w, https:\/\/csanamlux.be\/wp-content\/uploads\/2024\/09\/valve_delegue_peca-02-3-150x107.jpg 150w, https:\/\/csanamlux.be\/wp-content\/uploads\/2024\/09\/valve_delegue_peca-02-3-200x143.jpg 200w, https:\/\/csanamlux.be\/wp-content\/uploads\/2024\/09\/valve_delegue_peca-02-3-450x321.jpg 450w, https:\/\/csanamlux.be\/wp-content\/uploads\/2024\/09\/valve_delegue_peca-02-3-600x428.jpg 600w, https:\/\/csanamlux.be\/wp-content\/uploads\/2024\/09\/valve_delegue_peca-02-3-900x641.jpg 900w\" sizes=\"(max-width: 941px) 100vw, 941px\" \/>\t\t\t\t\t\t\t\t\t\t\t\t\t\t\t<\/div>\n\t\t\t\t<\/div>\n\t\t\t\t\t<\/div>\n\t\t\t\t<\/div>\n\t\t\t\t<\/div>\n\t\t","protected":false},"excerpt":{"rendered":"<p>Offre CSA Pr\u00e9sentation du PECA&nbsp;: \u00e0 une direction \u00e0 un d\u00e9l\u00e9gu\u00e9 PECA \u00e0 l\u2019\u00e9quipe lors d\u2019une concertation p\u00e9dagogique A votre meilleure convenance, une pr\u00e9sentation du PECA peut vous \u00eatre propos\u00e9e par votre r\u00e9f\u00e9rent culturel. Celle-ci peut \u00eatre individuelle (direction, d\u00e9l\u00e9gu\u00e9 &hellip;<\/p>\n<p class=\"read-more\"> <a class=\"more-link\" href=\"https:\/\/csanamlux.be\/index.php\/peca-2\/\"> <span class=\"screen-reader-text\">PECA Offre CSA<\/span> Read More &raquo;<\/a><\/p>\n","protected":false},"author":1,"featured_media":0,"parent":0,"menu_order":0,"comment_status":"closed","ping_status":"closed","template":"elementor_header_footer","meta":{"footnotes":""},"class_list":["post-1064","page","type-page","status-publish","hentry"],"featured_image_src":"","featured_image_src_square":false,"rbea_author_info":{"display_name":"admin3534","author_link":"https:\/\/csanamlux.be\/index.php\/author\/admin3534\/"},"rbea_excerpt_info":"Offre CSA Pr\u00e9sentation du PECA&nbsp;: \u00e0 une direction \u00e0 un d\u00e9l\u00e9gu\u00e9 PECA \u00e0 l\u2019\u00e9quipe lors d\u2019une concertation p\u00e9dagogique A votre meilleure convenance, une pr\u00e9sentation du PECA peut vous \u00eatre propos\u00e9e par votre r\u00e9f\u00e9rent culturel. Celle-ci peut \u00eatre individuelle (direction, d\u00e9l\u00e9gu\u00e9 &hellip;<p class=\"read-more\"> <a class=\"more-link\" href=\"https:\/\/csanamlux.be\/index.php\/peca-2\/\"> <span class=\"screen-reader-text\">PECA Offre CSA<\/span> Read More &raquo;<\/a><\/p>","_links":{"self":[{"href":"https:\/\/csanamlux.be\/index.php\/wp-json\/wp\/v2\/pages\/1064","targetHints":{"allow":["GET"]}}],"collection":[{"href":"https:\/\/csanamlux.be\/index.php\/wp-json\/wp\/v2\/pages"}],"about":[{"href":"https:\/\/csanamlux.be\/index.php\/wp-json\/wp\/v2\/types\/page"}],"author":[{"embeddable":true,"href":"https:\/\/csanamlux.be\/index.php\/wp-json\/wp\/v2\/users\/1"}],"replies":[{"embeddable":true,"href":"https:\/\/csanamlux.be\/index.php\/wp-json\/wp\/v2\/comments?post=1064"}],"version-history":[{"count":10,"href":"https:\/\/csanamlux.be\/index.php\/wp-json\/wp\/v2\/pages\/1064\/revisions"}],"predecessor-version":[{"id":1387,"href":"https:\/\/csanamlux.be\/index.php\/wp-json\/wp\/v2\/pages\/1064\/revisions\/1387"}],"wp:attachment":[{"href":"https:\/\/csanamlux.be\/index.php\/wp-json\/wp\/v2\/media?parent=1064"}],"curies":[{"name":"wp","href":"https:\/\/api.w.org\/{rel}","templated":true}]}}